{"id":4609,"date":"2024-01-09T17:33:41","date_gmt":"2024-01-09T17:33:41","guid":{"rendered":"https:\/\/mydreamlandhome.com\/?post_type=product&#038;p=4609"},"modified":"2024-03-06T17:26:52","modified_gmt":"2024-03-06T17:26:52","slug":"cradle","status":"publish","type":"product","link":"https:\/\/mydreamlandhome.com\/tr\/urun\/cradle\/","title":{"rendered":"Be\u015fik"},"content":{"rendered":"<p><strong>Tan\u0131m<\/strong><\/p>\n<p>Sallanan be\u015fik<br \/>\nHer b\u00fcy\u00fcme grubunda yap\u0131labilir.<br \/>\nBoyutlar:<br \/>\nY\u00fckseklik: 70 \u2013 75 cm.<br \/>\nGeni\u015flik: 60cm<br \/>\nUzunluk: 95cm<\/p>\n<p>Kitin tasar\u0131m\u0131 herhangi bir \u00e7ocuk odas\u0131na m\u00fckemmel uyum sa\u011flayacakt\u0131r. \u00c7ocu\u011fun rahatl\u0131\u011f\u0131 ve sa\u011fl\u0131\u011f\u0131 i\u00e7in t\u00fcm parametreler kar\u015f\u0131lanm\u0131\u015ft\u0131r!<br \/>\nMasa ve sandalye y\u00fcksek kaliteli lamine mdf levha veya akrilik vernik ve su bazl\u0131 boya kapl\u0131 mdf&#039;den yap\u0131lm\u0131\u015ft\u0131r.<\/p>\n<p>Kitler demonte olarak g\u00f6nderilmektedir. Bunu olu\u015fturmak i\u00e7in herhangi bir ek araca ihtiyac\u0131n\u0131z yoktur.<\/p>\n<p>Nas\u0131l saklan\u0131r:<br \/>\nMobilyalar\u0131 \u0131s\u0131t\u0131c\u0131lardan, fanl\u0131 \u0131s\u0131t\u0131c\u0131lardan, nemlendiricilerden ve di\u011fer nem ve \u0131s\u0131 kaynaklar\u0131ndan 1-2 metre uza\u011fa yerle\u015ftirin.<br \/>\n\u00c7ok \u0131slak temizlik kullanmay\u0131n. Kaplamam\u0131z a\u015f\u0131nd\u0131r\u0131c\u0131 ve agresif olmayan her t\u00fcrl\u00fc (klor, kimyasal, reaktif, solvent) temizlik deterjanlar\u0131 ile y\u0131kanabilir.<\/p>","protected":false},"excerpt":{"rendered":"<p>Malzemeler: renk, su bazl\u0131 akrilik boya, hu\u015f a\u011fac\u0131 dizisi<\/p>\n<p>Boyutlar; 70 cm&#039;nin ilk 50&#039;si.<br \/>\nMasa y\u00fcksekli\u011fi 70 cm, sandalye aras\u0131 42 cm.<\/p>","protected":false},"featured_media":4610,"comment_status":"open","ping_status":"closed","template":"","meta":{"om_disable_all_campaigns":false,"_monsterinsights_skip_tracking":false,"_monsterinsights_sitenote_active":false,"_monsterinsights_sitenote_note":"","_monsterinsights_sitenote_category":0,"_kad_post_transparent":"default","_kad_post_title":"","_kad_post_layout":"default","_kad_post_sidebar_id":"","_kad_post_content_style":"default","_kad_post_vertical_padding":"default","_kad_post_feature":"","_kad_post_feature_position":"","_kad_post_header":false,"_kad_post_footer":false,"_joinchat":[],"jetpack_publicize_message":"","jetpack_is_tweetstorm":false,"jetpack_publicize_feature_enabled":true,"jetpack_social_post_already_shared":false,"jetpack_social_options":{"image_generator_settings":{"template":"highway","enabled":false}}},"product_cat":[108,135],"product_tag":[163],"jetpack_publicize_connections":[],"aioseo_notices":[],"jetpack_sharing_enabled":true,"_links":{"self":[{"href":"https:\/\/mydreamlandhome.com\/tr\/wp-json\/wp\/v2\/product\/4609"}],"collection":[{"href":"https:\/\/mydreamlandhome.com\/tr\/wp-json\/wp\/v2\/product"}],"about":[{"href":"https:\/\/mydreamlandhome.com\/tr\/wp-json\/wp\/v2\/types\/product"}],"replies":[{"embeddable":true,"href":"https:\/\/mydreamlandhome.com\/tr\/wp-json\/wp\/v2\/comments?post=4609"}],"wp:featuredmedia":[{"embeddable":true,"href":"https:\/\/mydreamlandhome.com\/tr\/wp-json\/wp\/v2\/media\/4610"}],"wp:attachment":[{"href":"https:\/\/mydreamlandhome.com\/tr\/wp-json\/wp\/v2\/media?parent=4609"}],"wp:term":[{"taxonomy":"product_cat","embeddable":true,"href":"https:\/\/mydreamlandhome.com\/tr\/wp-json\/wp\/v2\/product_cat?post=4609"},{"taxonomy":"product_tag","embeddable":true,"href":"https:\/\/mydreamlandhome.com\/tr\/wp-json\/wp\/v2\/product_tag?post=4609"}],"curies":[{"name":"wp","href":"https:\/\/api.w.org\/{rel}","templated":true}]}}