{"id":5032,"date":"2024-03-01T19:42:04","date_gmt":"2024-03-01T19:42:04","guid":{"rendered":"https:\/\/mydreamlandhome.com\/?page_id=5032"},"modified":"2024-03-01T19:42:07","modified_gmt":"2024-03-01T19:42:07","slug":"warranty-conditions","status":"publish","type":"page","link":"https:\/\/mydreamlandhome.com\/tr\/warranty-conditions\/","title":{"rendered":"Garanti Ko\u015fullar\u0131"},"content":{"rendered":"<p>1. Garanti s\u00fcresi, mal\u0131n teslim tarihinden itibaren 2 y\u0131ld\u0131r.<br>2. Malin b\u00fct\u00fcn par\u00e7alar dahil olmak \u00fczere tamam\u0131 garanti kapsam\u0131ndad\u0131r.<br>3. Malin ay\u0131pl\u0131 olarak da\u011f\u0131t\u0131ld\u0131\u011f\u0131 durumda ka\u00e7ak\u00e7\u0131l\u0131k, 6502 say\u0131l\u0131 T\u00fcketicinin Korunmas\u0131 Hakk\u0131nda kanunun 11. maddesinde yer alan;<br>\u00a0\u00a0\u00a0\u00a0A. S\u00f6zle\u015fmeden d\u00f6nmemek,<br>\u00a0\u00a0\u00a0\u00a0B. Sat\u0131\u015f bedelinden indirim istememek,<br>\u00a0\u00a0\u00a0\u00a0C. \u00dccretsiz onar\u0131lmas\u0131n\u0131n istenmemesi,<br>\u00a0\u00a0\u00a0\u00a0D. Sat\u0131lan\u0131n ay\u0131ps\u0131z bir misli ile de\u011fi\u015ftirilmesini isteme haklar\u0131ndan birini kullanabilir.<br>4. T\u00fcketicinin bu haklardan \u00fccretsiz onar\u0131m\u0131 yedeklemesi durumunda sat\u0131c\u0131; is\u00e7ilik masraf\u0131, de\u011fi\u015ftirilen par\u00e7a bedeli ya da ba\u015fka herhangi bir ad alt\u0131nda hi\u00e7bir \u00fccret talep etmeksizin mal\u0131n onar\u0131m\u0131n\u0131 yapmak veya yapt\u0131r\u0131lmak suretiyle yapt\u0131r\u0131l\u0131r. T\u00fcketicinin \u00fccretsiz onar\u0131m y\u00f6ntemi \u00fcretici veya ithalat\u00e7\u0131ya kar\u015f\u0131 da kullan\u0131labilir. Sat\u0131c\u0131, \u00fcretici ve ithalat\u00e7\u0131n\u0131n bu hakk\u0131n\u0131n kullan\u0131lmamas\u0131ndan m\u00fcteselsilen sorumludur.<br>5. T\u00fcketicinin onar\u0131m\u0131n\u0131n kullan\u0131lmas\u0131 halinde malin;<br>\u00a0\u00a0\u00a0\u00a0I. Garanti s\u00fcresi i\u00e7erisinde tekrar ar\u0131zalanmas\u0131,<br>\u00a0\u00a0\u00a0\u00a0II. Tamiri i\u00e7in gereken azami s\u00fcrenin as\u0131lmas\u0131,<br>\u00a0\u00a0\u00a0\u00a0III. Tamirinin m\u00fcmk\u00fcn olmamas\u0131n\u0131n yetkili servis istasyonu, sat\u0131c\u0131, \u00fcretici veya ithalat\u00e7\u0131 taraf\u0131ndan bir raporla tespit durumlar\u0131nda; T\u00fcketici mal\u0131n bedel iadesini, ay\u0131p oran\u0131nda bedel indirimini veya imkan varsa mal\u0131n ay\u0131ps\u0131z misli ile de\u011fi\u015ftirilmesini sat\u0131c\u0131dan talep edebilir. Sat\u0131c\u0131n\u0131n talebinin talebini reddedemez. Bu talebin yerine getirilmemesi durumunda sat\u0131c\u0131, \u00fcretici veya ithalat\u00e7\u0131 m\u00fcteselsilen sorumludur.<br>6. Mal\u0131n tamir s\u00fcresi 20 g\u00fcnd\u00fcr, bu s\u00fcre zarf\u0131nda garanti s\u00fcresi i\u00e7erisinde ilgili ar\u0131zan\u0131n yetkili servis istasyonuna veya sat\u0131c\u0131ya bildirimi g\u00fcncel garanti s\u00fcresi d\u0131\u015f\u0131nda ise mal\u0131n yetkili servis istasyonuna teslim s\u00fcresinden itibaren baslar Mal\u0131n ar\u0131zas\u0131n\u0131n 10 i\u015f g\u00fcn\u00fc i\u00e7erisinde giderilmemesi halinde, \u00fcretici veya ithalat\u00e7\u0131; Malin tamiri tamamlan\u0131ncaya kadar, benzer \u00f6zelliklere sahip ba\u015fka bir mal\u0131n kullan\u0131m\u0131n\u0131n kullan\u0131m\u0131n\u0131 sa\u011flamak kullan\u0131ld\u0131. Malin garanti s\u00fcresi i\u00e7erisinde ar\u0131zalanmas\u0131 durumunda, tamirde ge\u00e7en s\u00fcre garanti s\u00fcresine eklenir.<br>7. Mali kullan\u0131m k\u0131lavuzunda yer alan hususlara ayk\u0131r\u0131 kullan\u0131lmamas\u0131ndan kaynaklanan ar\u0131zalar garanti kapsam\u0131 d\u0131\u015f\u0131ndad\u0131r.<br>8. T\u00fcketici, garantiden do\u011fan haklar\u0131n kullan\u0131lmas\u0131 ile ilgili olarak ortaya \u00e7\u0131kan anla\u015fmazl\u0131klarda yerle\u015fim yerinin bulundu\u011fu veya t\u00fcketildi\u011fi yerdeki T\u00fcketici Hakem Heyetine veya T\u00fcketici Mahkemesine ba\u015fvurabilir.<br>9. Sat\u0131c\u0131 taraf\u0131ndan bu Garanti Belgesinin verilmemesi durumunda, hile Ticaret Bakanl\u0131\u011f\u0131 T\u00fcketicinin ve Piyasa G\u00f6zetimi Genel M\u00fcd\u00fcrl\u00fc\u011f\u00fcne ba\u015fvurulabilir.<\/p>","protected":false},"excerpt":{"rendered":"<p>1. Garanti s\u00fcresi, mal\u0131n teslim tarihinden itibaren 2 y\u0131ld\u0131r.2. Malin b\u00fct\u00fcn par\u00e7alar dahil olmak \u00fczere tamam\u0131 garanti kapsam\u0131ndad\u0131r.3. Mali ay\u0131pl\u0131 i\u015flemlerin devam\u0131 durumunda ka\u00e7ak\u00e7\u0131l\u0131k, 6502 say\u0131l\u0131 T\u00fcketicinin Korunmas\u0131 Hakk\u0131nda kanunun 11. maddesinde yer alan;    A. S\u00f6zle\u015fmeden d\u00f6nme, b. Sat\u0131\u015f bedelinden indirim istememek, c. \u00dccretsiz onar\u0131lmas\u0131n\u0131n istenmemesi, d. Sat\u0131lan\u0131n ay\u0131ps\u0131z bir misli ile de\u011fi\u015ftirilmesini isteme haklar\u0131ndan birini kullanabilir.4. T\u00fcketicinin\u2026<\/p>","protected":false},"author":1,"featured_media":0,"parent":0,"menu_order":0,"comment_status":"closed","ping_status":"closed","template":"","meta":{"om_disable_all_campaigns":false,"_monsterinsights_skip_tracking":false,"_monsterinsights_sitenote_active":false,"_monsterinsights_sitenote_note":"","_monsterinsights_sitenote_category":0,"_kad_post_transparent":"","_kad_post_title":"","_kad_post_layout":"","_kad_post_sidebar_id":"","_kad_post_content_style":"","_kad_post_vertical_padding":"","_kad_post_feature":"","_kad_post_feature_position":"","_kad_post_header":false,"_kad_post_footer":false,"footnotes":"","_joinchat":[]},"aioseo_notices":[],"jetpack_sharing_enabled":true,"_links":{"self":[{"href":"https:\/\/mydreamlandhome.com\/tr\/wp-json\/wp\/v2\/pages\/5032"}],"collection":[{"href":"https:\/\/mydreamlandhome.com\/tr\/wp-json\/wp\/v2\/pages"}],"about":[{"href":"https:\/\/mydreamlandhome.com\/tr\/wp-json\/wp\/v2\/types\/page"}],"author":[{"embeddable":true,"href":"https:\/\/mydreamlandhome.com\/tr\/wp-json\/wp\/v2\/users\/1"}],"replies":[{"embeddable":true,"href":"https:\/\/mydreamlandhome.com\/tr\/wp-json\/wp\/v2\/comments?post=5032"}],"version-history":[{"count":1,"href":"https:\/\/mydreamlandhome.com\/tr\/wp-json\/wp\/v2\/pages\/5032\/revisions"}],"predecessor-version":[{"id":5033,"href":"https:\/\/mydreamlandhome.com\/tr\/wp-json\/wp\/v2\/pages\/5032\/revisions\/5033"}],"wp:attachment":[{"href":"https:\/\/mydreamlandhome.com\/tr\/wp-json\/wp\/v2\/media?parent=5032"}],"curies":[{"name":"wp","href":"https:\/\/api.w.org\/{rel}","templated":true}]}}