{"id":4958,"date":"2024-02-09T22:55:43","date_gmt":"2024-02-09T22:55:43","guid":{"rendered":"https:\/\/mydreamlandhome.com\/?page_id=4958"},"modified":"2024-02-09T23:02:33","modified_gmt":"2024-02-09T23:02:33","slug":"delivery-information","status":"publish","type":"page","link":"https:\/\/mydreamlandhome.com\/tr\/delivery-information\/","title":{"rendered":"Teslimat Bilgisi"},"content":{"rendered":"<p>Sitemizde sunulan kategorilerde sunulan farkl\u0131 \u00f6zellikler, ta\u015f\u0131ma ve teslimat ko\u015fullar\u0131, zaman zaman de\u011fi\u015fiklik g\u00f6sterebilmektedir.<\/p>\n\n\n\n<p>Genel olarak deniz a\u015f\u0131r\u0131 derecede 45 i\u015f g\u00fcn\u00fc i\u00e7erisinde. Yerel b\u00f6lgelerde ise 25 g\u00fcn i\u00e7erisinde imalat sonras\u0131nda teslim edilebilmektedir.<\/p>\n\n\n\n<p>\u00dcr\u00fcn teslimat\u0131, anla\u015fmal\u0131 kargo firmalar\u0131 arac\u0131l\u0131\u011f\u0131yla ger\u00e7ekle\u015ftirilmektedir.<\/p>\n\n\n\n<p>Ayr\u0131ca teslimat s\u0131ras\u0131nda bozulma, hasar meydana gelmesi durumunda, kargo \u015firketi yetkilisi ile birlikte tespit tutana\u011f\u0131 d\u00fczenlemesinin hasar g\u00f6rd\u00fc\u011f\u00fc belirtilmektedir. teslimat adresinin ger\u00e7ekle\u015fmesi i\u00e7in al\u0131c\u0131n\u0131n ad\u0131, teslimat adresi, telefon numaras\u0131 ve e-posta gibi bilgilerin do\u011fru bir \u015fekilde bilinmesi gerekmektedir.<\/p>","protected":false},"excerpt":{"rendered":"<p>Sitemizde sunulan kategorilerde sunulan farkl\u0131 \u00f6zellikler nedeniyle ta\u015f\u0131ma ve teslimat ko\u015fullar\u0131 zaman zaman de\u011fi\u015ftirilebilmektedir. Genel olarak deniz a\u015f\u0131r\u0131 derecede 45 i\u015f g\u00fcn\u00fc i\u00e7erisinde. Yerel b\u00f6lgelerde ise 25 g\u00fcn i\u00e7erisinde imalat sonras\u0131nda teslim edilebilmektedir. \u00dcr\u00fcn teslimat\u0131, anla\u015fmal\u0131 kargo firmalar\u0131 arac\u0131l\u0131\u011f\u0131yla ger\u00e7ekle\u015ftirilmektedir. Ayr\u0131ca teslimat s\u0131ras\u0131nda hasar g\u00f6rmesi durumunda, kargo \u015firketi yetkilisi ile birlikte hasar tespiti\u2026<\/p>","protected":false},"author":1,"featured_media":0,"parent":0,"menu_order":0,"comment_status":"closed","ping_status":"closed","template":"","meta":{"om_disable_all_campaigns":false,"_monsterinsights_skip_tracking":false,"_monsterinsights_sitenote_active":false,"_monsterinsights_sitenote_note":"","_monsterinsights_sitenote_category":0,"_kad_post_transparent":"","_kad_post_title":"","_kad_post_layout":"","_kad_post_sidebar_id":"","_kad_post_content_style":"","_kad_post_vertical_padding":"","_kad_post_feature":"","_kad_post_feature_position":"","_kad_post_header":false,"_kad_post_footer":false,"footnotes":"","_joinchat":[]},"aioseo_notices":[],"jetpack_sharing_enabled":true,"_links":{"self":[{"href":"https:\/\/mydreamlandhome.com\/tr\/wp-json\/wp\/v2\/pages\/4958"}],"collection":[{"href":"https:\/\/mydreamlandhome.com\/tr\/wp-json\/wp\/v2\/pages"}],"about":[{"href":"https:\/\/mydreamlandhome.com\/tr\/wp-json\/wp\/v2\/types\/page"}],"author":[{"embeddable":true,"href":"https:\/\/mydreamlandhome.com\/tr\/wp-json\/wp\/v2\/users\/1"}],"replies":[{"embeddable":true,"href":"https:\/\/mydreamlandhome.com\/tr\/wp-json\/wp\/v2\/comments?post=4958"}],"version-history":[{"count":4,"href":"https:\/\/mydreamlandhome.com\/tr\/wp-json\/wp\/v2\/pages\/4958\/revisions"}],"predecessor-version":[{"id":4964,"href":"https:\/\/mydreamlandhome.com\/tr\/wp-json\/wp\/v2\/pages\/4958\/revisions\/4964"}],"wp:attachment":[{"href":"https:\/\/mydreamlandhome.com\/tr\/wp-json\/wp\/v2\/media?parent=4958"}],"curies":[{"name":"wp","href":"https:\/\/api.w.org\/{rel}","templated":true}]}}