{"id":4955,"date":"2024-02-09T23:37:48","date_gmt":"2024-02-09T23:37:48","guid":{"rendered":"https:\/\/mydreamlandhome.com\/?page_id=4955"},"modified":"2024-02-09T23:37:50","modified_gmt":"2024-02-09T23:37:50","slug":"membership-agreement","status":"publish","type":"page","link":"https:\/\/mydreamlandhome.com\/tr\/membership-agreement\/","title":{"rendered":"\u00dcyelik S\u00f6zle\u015fmesi"},"content":{"rendered":"<p>\u0130\u00e7in haz\u0131rlanm\u0131\u015ft\u0131r:<\/p>\n\n\n\n<p>[M\u00fc\u015fteri.Ad\u0131] [M\u00fc\u015fteri.Soyad\u0131]<\/p>\n\n\n\n<p>[M\u00fc\u015fteri.\u015eirket]<\/p>\n\n\n\n<p>Taraf\u0131ndan yarat\u0131ld\u0131:<\/p>\n\n\n\n<p>[G\u00f6nderen.Ad\u0131] [G\u00f6nderen.Soyad\u0131] [G\u00f6nderen.\u015eirket]<\/p>\n\n\n\n<p>Bu \u00dcyelik S\u00f6zle\u015fmesi, ba\u015fvuru sahibi taraf\u0131ndan imzaland\u0131\u011f\u0131nda ve [M\u00fc\u015fteri.Ad] [M\u00fc\u015fteri.Soyad\u0131] taraf\u0131ndan kabul edildi\u011finde, [G\u00f6nderen.\u015eirket]\u200b ile bu S\u00f6zle\u015fmenin imza sayfas\u0131n\u0131 y\u00fcr\u00fcten ki\u015fi veya kurulu\u015f aras\u0131nda ba\u011flay\u0131c\u0131 bir s\u00f6zle\u015fme te\u015fkil eder. \u00dcyelik haklar\u0131, ayr\u0131cal\u0131klar\u0131 ve y\u00fck\u00fcml\u00fcl\u00fckleri (Tarih) itibar\u0131yla S\u00f6zle\u015fmenin her iki taraf\u00e7a imzalanmas\u0131yla ba\u015flar.<\/p>\n\n\n\n<p><strong>\u00dcyelik<\/strong><\/p>\n\n\n\n<p>\u0130\u015fbu \u00fcyelik s\u00f6zle\u015fmesi ile elde edilen t\u00fcm \u00fcyelik ayr\u0131cal\u0131klar\u0131, \u00fcyeye \u00f6nceden bildirimde bulunulmak suretiyle her zaman iptal edilebilir veya de\u011fi\u015ftirilebilir.&nbsp;<\/p>\n\n\n\n<p>Bu s\u00f6zle\u015fmenin herhangi bir noktas\u0131nda \u00dcye, [G\u00f6nderen.\u015eirket]&#039;e \u00f6nceden yaz\u0131l\u0131 bildirimde bulunarak \u00fcyelik unvanlar\u0131n\u0131 de\u011fi\u015ftirebilir. \u00dcyelik de\u011fi\u015fikli\u011fi s\u0131ras\u0131nda maliyet art\u0131\u015f\u0131 olmas\u0131 durumunda olu\u015fan maliyetlerden \u00fcye sorumlu olacakt\u0131r.&nbsp;<\/p>\n\n\n\n<p>\u00dcye, \u00fcyelik \u015fartlar\u0131n\u0131n tamam\u0131n\u0131 yerine getirdi\u011fini ve s\u00f6zle\u015fme s\u00fcresi i\u00e7erisinde herhangi bir \u015fart\u0131n yerine getirilmemesi durumunda \u015firkete bildirimde bulunaca\u011f\u0131n\u0131 kabul eder.<\/p>\n\n\n\n<p>M\u00fc\u015fteri bilgileri a\u015fa\u011f\u0131daki gibi belgelenecektir ancak s\u00f6zle\u015fme s\u00fcresinin herhangi bir noktas\u0131nda g\u00fcncellenebilir veya de\u011fi\u015ftirilebilir.&nbsp;<\/p>\n\n\n\n<figure class=\"wp-block-image size-full\"><img fetchpriority=\"high\" decoding=\"async\" width=\"732\" height=\"135\" src=\"https:\/\/mydreamlandhome.com\/wp-content\/uploads\/2024\/02\/Basliksiz-1.png\" alt=\"\" class=\"wp-image-4968\" srcset=\"https:\/\/mydreamlandhome.com\/wp-content\/uploads\/2024\/02\/Basliksiz-1.png 732w, https:\/\/mydreamlandhome.com\/wp-content\/uploads\/2024\/02\/Basliksiz-1-300x55.png 300w, https:\/\/mydreamlandhome.com\/wp-content\/uploads\/2024\/02\/Basliksiz-1-18x3.png 18w, https:\/\/mydreamlandhome.com\/wp-content\/uploads\/2024\/02\/Basliksiz-1-24x4.png 24w, https:\/\/mydreamlandhome.com\/wp-content\/uploads\/2024\/02\/Basliksiz-1-36x7.png 36w, https:\/\/mydreamlandhome.com\/wp-content\/uploads\/2024\/02\/Basliksiz-1-48x9.png 48w, https:\/\/mydreamlandhome.com\/wp-content\/uploads\/2024\/02\/Basliksiz-1-600x111.png 600w\" sizes=\"(max-width: 732px) 100vw, 732px\" \/><\/figure>\n\n\n\n<p><strong>S\u00fcre ve Fesih<\/strong><\/p>\n\n\n\n<p>Bu anla\u015fma a\u015fa\u011f\u0131dakilerden biri veya birka\u00e7\u0131 ger\u00e7ekle\u015fene kadar y\u00fcr\u00fcrl\u00fckte kalacakt\u0131r:<\/p>\n\n\n\n<ul>\n<li>\u00dcyenin \u00fcyelik \u015fartlar\u0131n\u0131 yerine getirmemesi.&nbsp;<\/li>\n\n\n\n<li>Ba\u015fka \u015fartlar veya anla\u015fmalar eklenmeden s\u00f6zle\u015fme s\u00fcresi sona erer.&nbsp;<\/li>\n\n\n\n<li>\u015eirket iflas ba\u015fvurusunda bulunur veya i\u015f yapmay\u0131 b\u0131rak\u0131r.&nbsp;<\/li>\n<\/ul>\n\n\n\n<p><strong>Bildirimler<\/strong><\/p>\n\n\n\n<p>Hafifletici durumlar haricinde, bu s\u00f6zle\u015fmeye ili\u015fkin t\u00fcm ileti\u015fimler \u015fahsen veya onayl\u0131 mektup yoluyla [G\u00f6nderen.\u015eirkete] teslim edilecektir. T\u00fcm \u00fcye bildirimleri [G\u00f6nderen.\u015eirket] taraf\u0131ndan gerekli g\u00f6r\u00fclen formlar arac\u0131l\u0131\u011f\u0131yla iletilecektir.&nbsp;<\/p>\n\n\n\n<p><strong>Atama<\/strong><\/p>\n\n\n\n<p>\u00d6nceden yaz\u0131l\u0131 onay al\u0131nmaks\u0131z\u0131n, bu s\u00f6zle\u015fmenin hi\u00e7bir k\u0131sm\u0131, bu \u00fcyelik s\u00f6zle\u015fmesine kat\u0131lmayan herhangi bir tarafa devredilemez veya sat\u0131lamaz.&nbsp;&nbsp;&nbsp;<\/p>\n\n\n\n<p><strong>Anla\u015fman\u0131n Y\u00fcr\u00fcrl\u00fc\u011f\u00fc ve Yorumlanmas\u0131<\/strong><\/p>\n\n\n\n<p>Bu s\u00f6zle\u015fmeden kaynaklanan her t\u00fcrl\u00fc yasal i\u015flem, taraflar aras\u0131nda mutabakata var\u0131ld\u0131\u011f\u0131 \u015fekilde [G\u00f6nderen.\u015eirketin] yarg\u0131 yetkisinde olacakt\u0131r. Bu \u00fcyelik s\u00f6zle\u015fmesi, yukar\u0131da belirtilen s\u00f6zle\u015fmenin t\u00fcm i\u00e7eri\u011fini ortaya koymakta olup, aksi belirtilmedi\u011fi s\u00fcrece herhangi bir s\u00f6zl\u00fc veya \u00f6nceden yaz\u0131l\u0131 s\u00f6zle\u015fmeyi i\u00e7ermemektedir. Bu s\u00f6zle\u015fmede yap\u0131lacak herhangi bir de\u011fi\u015fiklik veya de\u011fi\u015fiklik yaz\u0131l\u0131 olarak yap\u0131lmal\u0131 ve her iki taraf\u00e7a imzalanmal\u0131d\u0131r.&nbsp;<\/p>\n\n\n\n<p>A\u015fa\u011f\u0131daki imzalar, yukar\u0131daki t\u00fcm \u015fartlar\u0131n ve beyanlar\u0131n tam olarak anla\u015f\u0131ld\u0131\u011f\u0131n\u0131 ve kabul edildi\u011fini g\u00f6sterir.&nbsp;<\/p>\n\n\n\n<figure class=\"wp-block-image size-full\"><img decoding=\"async\" width=\"672\" height=\"225\" src=\"https:\/\/mydreamlandhome.com\/wp-content\/uploads\/2024\/02\/Basliksiz-2.png\" alt=\"\" class=\"wp-image-4967\" srcset=\"https:\/\/mydreamlandhome.com\/wp-content\/uploads\/2024\/02\/Basliksiz-2.png 672w, https:\/\/mydreamlandhome.com\/wp-content\/uploads\/2024\/02\/Basliksiz-2-300x100.png 300w, https:\/\/mydreamlandhome.com\/wp-content\/uploads\/2024\/02\/Basliksiz-2-18x6.png 18w, https:\/\/mydreamlandhome.com\/wp-content\/uploads\/2024\/02\/Basliksiz-2-24x8.png 24w, https:\/\/mydreamlandhome.com\/wp-content\/uploads\/2024\/02\/Basliksiz-2-36x12.png 36w, https:\/\/mydreamlandhome.com\/wp-content\/uploads\/2024\/02\/Basliksiz-2-48x16.png 48w, https:\/\/mydreamlandhome.com\/wp-content\/uploads\/2024\/02\/Basliksiz-2-600x201.png 600w\" sizes=\"(max-width: 672px) 100vw, 672px\" \/><\/figure>","protected":false},"excerpt":{"rendered":"<p>Prepared for: [Client.FirstName] [Client.LastName] [Client.Company] Created by: [Sender.FirstName] [Sender.LastName] [Sender.Company] This Membership\u00a0Agreement, when signed by the applicant and accepted by [Client.FirstName] [Client.LastName]\u00a0 constitutes a binding contract between [Sender.Company]\u200b\u00a0\u00a0and the individual or entity executing the signature page of this Agreement.\u00a0Membership rights, privileges and obligations commence when the Agreement is signed by both parties as of (Date)&#8230;<\/p>","protected":false},"author":1,"featured_media":0,"parent":0,"menu_order":0,"comment_status":"closed","ping_status":"closed","template":"","meta":{"om_disable_all_campaigns":false,"_monsterinsights_skip_tracking":false,"_monsterinsights_sitenote_active":false,"_monsterinsights_sitenote_note":"","_monsterinsights_sitenote_category":0,"_kad_post_transparent":"","_kad_post_title":"","_kad_post_layout":"","_kad_post_sidebar_id":"","_kad_post_content_style":"","_kad_post_vertical_padding":"","_kad_post_feature":"","_kad_post_feature_position":"","_kad_post_header":false,"_kad_post_footer":false,"footnotes":"","_joinchat":[]},"aioseo_notices":[],"jetpack_sharing_enabled":true,"_links":{"self":[{"href":"https:\/\/mydreamlandhome.com\/tr\/wp-json\/wp\/v2\/pages\/4955"}],"collection":[{"href":"https:\/\/mydreamlandhome.com\/tr\/wp-json\/wp\/v2\/pages"}],"about":[{"href":"https:\/\/mydreamlandhome.com\/tr\/wp-json\/wp\/v2\/types\/page"}],"author":[{"embeddable":true,"href":"https:\/\/mydreamlandhome.com\/tr\/wp-json\/wp\/v2\/users\/1"}],"replies":[{"embeddable":true,"href":"https:\/\/mydreamlandhome.com\/tr\/wp-json\/wp\/v2\/comments?post=4955"}],"version-history":[{"count":1,"href":"https:\/\/mydreamlandhome.com\/tr\/wp-json\/wp\/v2\/pages\/4955\/revisions"}],"predecessor-version":[{"id":4969,"href":"https:\/\/mydreamlandhome.com\/tr\/wp-json\/wp\/v2\/pages\/4955\/revisions\/4969"}],"wp:attachment":[{"href":"https:\/\/mydreamlandhome.com\/tr\/wp-json\/wp\/v2\/media?parent=4955"}],"curies":[{"name":"wp","href":"https:\/\/api.w.org\/{rel}","templated":true}]}}