{"id":4953,"date":"2024-02-09T22:39:26","date_gmt":"2024-02-09T22:39:26","guid":{"rendered":"https:\/\/mydreamlandhome.com\/?page_id=4953"},"modified":"2024-03-01T19:08:55","modified_gmt":"2024-03-01T19:08:55","slug":"return-and-exchange","status":"publish","type":"page","link":"https:\/\/mydreamlandhome.com\/tr\/return-and-exchange\/","title":{"rendered":"\u0130ade ve De\u011fi\u015fim"},"content":{"rendered":"<p><p>Sat\u0131c\u0131, cayma bildiriminin kendisine ait oldu\u011fundan en ge\u00e7 14 g\u00fcnl\u00fck s\u00fcre i\u00e7erisinde toplam \u00fccret ve al\u0131c\u0131y\u0131 bor\u00e7 kar\u015f\u0131l\u0131\u011f\u0131nda, belgeyi al\u0131c\u0131ya iade etmek ve 20 g\u00fcnl\u00fck s\u00fcre i\u00e7erisinde mal iade almakla ba\u011fl\u0131d\u0131r.<br>\u00a0\u00a0\u00a0\u00a0\u00a0\u00a0\u00a0\u00a0\u00a0\u00a0Al\u0131c\u0131n\u0131n kusurundan kaynaklanan bir hastal\u0131k mal\u0131n de\u011ferinde bir azalma olursa veya iade imkans\u0131zla\u015f\u0131rsa al\u0131c\u0131 kusuru oran\u0131nda sat\u0131c\u0131n\u0131n zararlar\u0131n\u0131 tazmin etmekle ba\u011fl\u0131d\u0131r. Cayma maliyetinin kullan\u0131lmas\u0131 nedeniyle SATICI taraf\u0131ndan d\u00fczenlenen kampanya limitinin b\u00f6l\u00fcnmesinin yerine d\u00fc\u015f\u00fclmesi halinde kampanya kapsam\u0131nda yararlan\u0131lan indirim miktar\u0131 iptal edilir.<br>www.mydreamlandhome.com \u00fczerinden sat\u0131\u015f\u0131 ger\u00e7ekle\u015fen kitaplar, CAYMA HAKKI KULLANILAMAYACAK \u00fcr\u00fcnlerden onlardan dolay\u0131, CAYMA HAKKI KULLANILAMAZ.<br>\u00a0\u00a0\u00a0\u00a0\u00a0\u00a0\u00a0\u00a0\u00a0\u00a0Al\u0131c\u0131, sipari\u015finin iptali i\u00e7in sipari\u015fi onaylad\u0131\u011f\u0131 g\u00fcn\u00fcn mesai bitimine kadar telefon, faks, eposta veya telefon ile sat\u0131c\u0131ya bildirmesi gerekmektedir.<br>\u00a0\u00a0\u00a0\u00a0\u00a0\u00a0\u00a0\u00a0\u00a0\u00a0Al\u0131c\u0131n\u0131n, ar\u0131zal\u0131 olmas\u0131 durumunda, sipari\u015fin iptali veya \u00fcr\u00fcn\u00fcn ayn\u0131s\u0131 ile de\u011fi\u015ftirilmesi talep edilebilir.<br><br><strong>T\u00dcKET\u0130C\u0130 HAKLARI<br><br><\/strong>\u00a0\u00a0\u00a0\u00a0\u00a0\u00a0\u00a0\u00a0\u00a0\u00a0Kullanmakta oldu\u011funuz web sitesi \u00fczerinden elektronik olarak d\u00fczenlenmi\u015f sipari\u015f verdi\u011finiz takdirde, size sunulan \u00f6n bilgilendirme ve mesafeli sat\u0131\u015f s\u00f6zle\u015fmesini kabul etmi\u015f say\u0131l\u0131rs\u0131n\u0131z.<br>\u00a0\u00a0\u00a0\u00a0\u00a0\u00a0\u00a0\u00a0\u00a0\u00a0Al\u0131c\u0131lar, sat\u0131n almayla ilgili \u00fcr\u00fcn\u00fcn sat\u0131\u015f\u0131 ve teslimi ile ilgili olarak 6502 say\u0131l\u0131 T\u00fcketicinin Korunmas\u0131 Kanun ve Mesafeli S\u00f6zle\u015fmeler Y\u00f6netmeli\u011fi h\u00fck\u00fcmleri ile y\u00fcr\u00fcrl\u00fckteki di\u011fer \u015fartlara tabidir.<br>\u00a0\u00a0\u00a0\u00a0\u00a0\u00a0\u00a0\u00a0\u00a0\u00a0\u00dcr\u00fcn sevkiyat masraf\u0131 olan kargo \u00fccreti al\u0131c\u0131lar taraf\u0131ndan \u00f6denecektir.<br>\u00a0\u00a0\u00a0\u00a0\u00a0\u00a0\u00a0\u00a0\u00a0\u00a0Sat\u0131n al\u0131nan bir \u00fcr\u00fcn, 30 g\u00fcnl\u00fck yasal s\u00fcreyi a\u015fmamak kayd\u0131yla, al\u0131c\u0131n\u0131n g\u00f6sterdi\u011fi adresteki ki\u015fiye ve \/ veya kurulu\u015fa teslim edilir. Ancak bu s\u00fcre i\u00e7inde \u00fcr\u00fcn teslim edilmezse, Al\u0131c\u0131lar s\u00f6zle\u015fmeyi sona erdirebilir.<br>\u00a0\u00a0\u00a0\u00a0\u00a0\u00a0\u00a0\u00a0\u00a0\u00a0Sat\u0131n al\u0131nan \u00fcr\u00fcn, eksiksiz ve sipari\u015fte belirtilen niteliklere uygun ve varsa garanti belgesi, kullan\u0131m k\u0131lavuzu gibi belgelerle teslim edilmek \u015fart\u0131yla kullan\u0131ld\u0131.<br>\u00a0\u00a0\u00a0\u00a0\u00a0\u00a0\u00a0\u00a0\u00a0\u00a0Sat\u0131n al\u0131nan \u00fcr\u00fcn\u00fcn sat\u0131lmas\u0131n\u0131n sona ermesi durumunda, sat\u0131c\u0131 bu durumu 3 g\u00fcn i\u00e7inde yaz\u0131l\u0131 olarak al\u0131c\u0131ya bu durumu bildirmek zorundad\u0131r. 14 g\u00fcn i\u00e7inde de toplam bedel Al\u0131c\u0131ya iade edilmek zorundad\u0131r.<br><br><strong>SATEN ALINAN \u00dcR\u00dcN BEDEL\u0130 \u00d6DENMEZ \u0130SE<br><br><\/strong>\u00a0\u00a0\u00a0\u00a0\u00a0\u00a0\u00a0\u00a0\u00a0\u00a0Al\u0131c\u0131, sat\u0131n ald\u0131\u011f\u0131 \u00fcr\u00fcn\u00fcn bedelini \u00f6demez veya banka kay\u0131tlar\u0131nda iptal ederse, Sat\u0131c\u0131n\u0131n \u00fcr\u00fcn\u00fc teslim y\u00fck\u00fcml\u00fcl\u00fc\u011f\u00fc sona erer.<br><br><strong>KRED\u0130 KARTININ YETK\u0130S\u0130Z KULLANIMI \u0130LE YAPILAN ALI\u015eVER\u0130\u015eLER<br><br><\/strong>\u00a0\u00a0\u00a0\u00a0\u00a0\u00a0\u00a0\u00a0\u00a0\u00a0\u00dcr\u00fcn teslim edildikten sonra, al\u0131c\u0131n\u0131n \u00f6deme yapt\u0131\u011f\u0131 kredi kart\u0131n\u0131n yetkiliz ki\u015filer taraf\u0131ndan haks\u0131z olarak ticari olarak tespit edilip sunulan \u00fcr\u00fcn bedeli ile ilgili banka veya finans kurulu\u015flar\u0131 taraf\u0131ndan Sat\u0131c\u0131ya \u00f6denmez ise, Al\u0131c\u0131, s\u00f6zle\u015fme konusu \u00fcr\u00fcn 3 g\u00fcn i\u00e7erisinde nakliye gideri al\u0131c\u0131ya ait olacak \u015fekilde sat\u0131c\u0131ya iade edilmek zorundad\u0131r.<br><br><strong>\u00d6NG\u00d6R\u00dcLEMEYEN SEBEPLERLE \u00dcR\u00dcN S\u00dcRES\u0130NDE TESL\u0130M ED\u0130LEMEZ \u0130SE<br><br><\/strong>\u00a0\u00a0\u00a0\u00a0\u00a0\u00a0\u00a0\u00a0\u00a0\u00a0Sat\u0131c\u0131n\u0131n \u00f6ng\u00f6remeyece\u011fi m\u00fccbir sebepler olu\u015fmas\u0131 durumunda ve \u00fcr\u00fcn s\u00fcresinde teslim edilemezse, durum al\u0131c\u0131ya bildirilir. Al\u0131c\u0131, sipari\u015fin iptalini, \u00fcr\u00fcn benzeri ile de\u011fi\u015ftirilmesini veya engel ortadan kalkana dek teslimat\u0131n ertelenmesini talep edebilir. Al\u0131c\u0131 \u00f6demesinin iptal edilmesi halinde; \u00f6demeyi nakit ile yapm\u0131\u015fsa iptalinden 14 g\u00fcn i\u00e7inde kendisine nakden bu \u00fccret \u00f6denir. Al\u0131c\u0131, \u00f6demeyi kredi kart\u0131 ile yapm\u0131\u015f ise ve iptal ederse, bu iptalden itibaren yine 14 g\u00fcn i\u00e7inde \u00fcr\u00fcn bedeli bankaya iade edilir, ancak bankan\u0131n al\u0131c\u0131n\u0131n hesab\u0131na 2-3 hafta i\u00e7erisinde transfer edilmesi m\u00fcmk\u00fcnd\u00fcr.<br><br><strong>ALICININ \u00dcR\u00dcN\u00dc KONTROL ETME Y\u00dcK\u00dcML\u00dcL\u00dc\u011e\u00dc<br><br><\/strong>\u00a0\u00a0\u00a0\u00a0\u00a0\u00a0\u00a0\u00a0\u00a0\u00a0Al\u0131c\u0131, s\u00f6zle\u015fme konusu mal\/hizmeti teslim etmeden incelemeden \u00f6nce; ezik, k\u0131r\u0131k, ambalaj\u0131 y\u0131rt\u0131lm\u0131\u015f vb. Hasar g\u00f6rm\u00fc\u015f ve zarar g\u00f6rm\u00fc\u015f mal\/hizmet kargo \u015firketinden teslim almayacakt\u0131r. Teslim al\u0131nan mal\/hizmetin hasars\u0131z ve sa\u011flam oldu\u011fu kabul edilmesi. Al\u0131c\u0131, teslimden sonra mal\/hizmeti ayr\u0131\u015ft\u0131rmak i\u00e7in korunmak zorundad\u0131r. Cayma hakk\u0131 kullan\u0131lacaksa mal\/hizmet kullan\u0131lmamal\u0131d\u0131r. \u00dcr\u00fcnle birlikte fatura da iade edilmelidir.<br><br><strong>TEMERR\u00dcT HAL\u0130 VE HUKUK\u0130 SONU\u00c7LARI<br><br><\/strong>\u00a0\u00a0\u00a0\u00a0\u00a0\u00a0\u00a0\u00a0\u00a0\u00a0Al\u0131c\u0131, \u00f6deme \u00f6demeleri kredi kart\u0131 iletti\u011fi durumda temerr\u00fcde d\u00fc\u015ft\u00fc\u011f\u00fc takdirde, kart sahibi banka ile kredi kart\u0131 s\u00f6zle\u015fmesi \u00e7er\u00e7evesi faiz \u00f6demeyece\u011fini ve bankaya kar\u015f\u0131 sorumlulu\u011fu kabul, beyan ve taahh\u00fct eder. Bu durumdaki ilgili banka hukuki yollara ba\u015fvurabilir; do\u011facak masraflar ve k\u00e2let \u00fccretini al\u0131c\u0131dan talep edebilir ve onun ko\u015fulunda al\u0131c\u0131n\u0131n bor\u00e7lar\u0131ndan dolay\u0131 temerr\u00fcde d\u00fc\u015fmesi halinde, al\u0131c\u0131, bor\u00e7lar\u0131n gecikmeli ifas\u0131ndan dolay\u0131 oyuncunun t\u00fckenmesi zarar\u0131n\u0131 ve ziyan\u0131n\u0131 \u00f6deyece\u011fini kabul eder.<br><br><strong>CAYMA HAKKI<br><br><\/strong>\u00a0\u00a0\u00a0\u00a0\u00a0\u00a0\u00a0\u00a0\u00a0\u00a0ALICI; Mal sat\u0131\u015f\u0131na ili\u015fkin mesafeli s\u00f6zle\u015fmelerde, \u00fcr\u00fcn kendisine veya g\u00f6sterilen adresteki ki\u015fiye \/ kurulu\u015fa teslim tarihinden itibaren 14 (d\u00f6rt) g\u00fcn i\u00e7inde, SATICIYA beyannamesiyle hi\u00e7bir hukuki ve cezai sorumluluk \u00fcstlenilmeksizin ve hi\u00e7bir gerek\u00e7e g\u00f6stermeksizin mal\u0131 reddederek s\u00f6zle\u015fmeden cayma m\u00fcmk\u00fcnd\u00fcr. Hizmet sunumuna ili\u015fkin mesafeli s\u00f6zle\u015fmelerde ise, bu s\u00fcre s\u00f6zle\u015fmenin imzaland\u0131\u011f\u0131 g\u00fcnden itibaren azalmaya ba\u015flar. Cayma hakk\u0131 s\u00fcresi sona ermeden \u00f6nce, ka\u00e7ak\u00e7\u0131l\u0131\u011f\u0131n onay\u0131 ile hizmetin ifas\u0131na ba\u015flanan hizmet s\u00f6zle\u015fmelerinde cayma hakk\u0131 kullan\u0131lamaz. Cayma tazminat\u0131n\u0131n kullan\u0131m\u0131ndan kaynaklanan masraflar ALICIYA&#039;ya aittir. ALICI, i\u015f bu s\u00f6zle\u015fmeyi kabul etmekle, cayma hakk\u0131 konusunda bilgilendirilip pe\u015finen kabul eder.<br>\u00a0\u00a0\u00a0\u00a0\u00a0\u00a0\u00a0\u00a0\u00a0\u00a0Cayma sigortas\u0131n\u0131n kullan\u0131lmas\u0131 i\u00e7in 14 (ond\u00f6rt) g\u00fcnl\u00fck s\u00fcre i\u00e7inde SATICIYA iadeli taahh\u00fctl\u00fc posta, faks veya eposta ile yaz\u0131l\u0131 bildirimde bulunulmas\u0131 ve \u00fcr\u00fcn i\u015fbu s\u00f6zle\u015fmesi d\u00fczenlenen \\\u201dCayma Hakk\u0131 Kullan\u0131lamaz \u00dcr\u00fcnler\\\u201d durdurulmas\u0131 kapsam\u0131nda kullan\u0131lmam\u0131\u015f olmas\u0131 uzat\u0131l\u0131r. Bu hakk\u0131n kullan\u0131lmas\u0131 halinde, Ki\u015fiye veya ALICIYA teslim edilen \u00fcr\u00fcn faturas\u0131, (\u0130ade edilmek istenen \u00fcr\u00fcn faturas\u0131 kurumsal ise, geri iade s\u0131ras\u0131nda kurumun d\u00fczenlenmesi durumunda iade faturas\u0131 ile birlikte sunulmas\u0131 gerekmektedir. Faturas\u0131 kurumlar\u0131 yerine d\u00fczenlenen sipari\u015f iadeleri \u0130ADE FATURASI kesilmedi\u011fi takdirde tamamlanamayacakt\u0131r.)<br>\u00a0\u00a0\u00a0\u00a0\u00a0\u00a0\u00a0\u00a0\u00a0\u00a0\u0130adenin de\u011fi\u015ftirilmesinin d\u00fczenlenmesi gerekecek.<br>\u00a0\u00a0\u00a0\u00a0\u00a0\u00a0\u00a0\u00a0\u00a0\u00a0\u0130ade edilmeyecek, bozulmayacak kutu, ambalaj, varsa standart aksesuarlarla birlikte eksiksiz ve hasars\u0131z olarak teslim edilmesi gerekmektedir.<br>\u00a0\u00a0\u00a0\u00a0\u00a0\u00a0\u00a0\u00a0\u00a0\u00a0SATICI, cayma bildiriminin kendisinden itibaren en ge\u00e7 10 g\u00fcnl\u00fck s\u00fcre i\u00e7erisinde toplam bedeli ve ALICIYI borcundan ALICI&#039;ya iade etmek ve 20 g\u00fcnl\u00fck s\u00fcre i\u00e7erisinde mal iade almakla kay\u0131tl\u0131d\u0131r.<br>\u00a0\u00a0\u00a0\u00a0\u00a0\u00a0\u00a0\u00a0\u00a0\u00a0ALICININ kusurundan kaynaklanan bir hastal\u0131k malinin de\u011ferinde bir azalma olursa veya iade edilemezse ALICI kusuru oran\u0131nda SATICININ zararlar\u0131n\u0131 tazmin etmekle kalmay\u0131n. Ancak cayma hakk\u0131 s\u00fcresi i\u00e7erisinde mal\u0131n veya \u00fcr\u00fcn\u00fcn usul\u00fcne uygun kullan\u0131lmas\u0131n\u0131n sonucu olarak ortaya \u00e7\u0131kan de\u011fi\u015fiklik ve bozulmalardan ALICI sorumlu de\u011fildir.<br>\u00a0\u00a0\u00a0\u00a0\u00a0\u00a0\u00a0\u00a0\u00a0\u00a0Cayma maliyetinin kullan\u0131lmas\u0131 nedeniyle SATICI taraf\u0131ndan d\u00fczenlenen kampanya limitinin b\u00f6l\u00fcnmesinin yerine d\u00fc\u015f\u00fclmesi halinde kampanya kapsam\u0131nda yararlan\u0131lan indirim miktar\u0131 iptal edilir.<br><br><strong>CAYMA HAKKI KULLANILAMAYACAK \u00dcR\u00dcNLER<br><br><\/strong>\u00a0\u00a0\u00a0\u00a0\u00a0\u00a0\u00a0\u00a0\u00a0\u00a0Fiyat\u0131n\u0131n finansal piyasalardaki para birimine ba\u011fl\u0131 olarak olu\u015fmas\u0131 ve sat\u0131c\u0131n\u0131n veya sa\u011flay\u0131c\u0131n\u0131n kontrol\u00fc olmayan mal veya hizmetlere ili\u015fkin s\u00f6zle\u015fmeler.<br>\u00a0\u00a0\u00a0\u00a0\u00a0\u00a0\u00a0\u00a0\u00a0\u00a0T\u00fcketicinin ihtiya\u00e7lar\u0131 veya ki\u015fisel hesaplar\u0131na ili\u015fkin mallara ili\u015fkin s\u00f6zle\u015fmeler.<br>\u00a0\u00a0\u00a0\u00a0\u00a0\u00a0\u00a0\u00a0\u00a0\u00a0\u00c7abuk bozulabilen veya son kullanma tarihi ge\u00e7ebilecek mallar\u0131n teslimine ili\u015fkin s\u00f6zle\u015fmeler.<br>\u00a0\u00a0\u00a0\u00a0\u00a0\u00a0\u00a0\u00a0\u00a0\u00a0Tesliminden sonra ambalaj, bant, m\u00fch\u00fcr, paket gibi koruyucu unsurlar i\u00e7eren mallardan; de\u011fi\u015fim, sa\u011fl\u0131k ve hijyen a\u00e7\u0131s\u0131ndan uygun olmayanlar\u0131n teslimine ili\u015fkin s\u00f6zle\u015fmeler.<br>\u00a0\u00a0\u00a0\u00a0\u00a0\u00a0\u00a0\u00a0\u00a0\u00a0Tesliminden sonra ba\u015fka \u00fcr\u00fcnlerle kar\u0131\u015fan ve \u00f6zelliklerin ayr\u0131\u015ft\u0131r\u0131lmas\u0131 m\u00fcmk\u00fcn olmayan mallara ili\u015fkin s\u00f6zle\u015fmeler.<br>\u00a0\u00a0\u00a0\u00a0\u00a0\u00a0\u00a0\u00a0\u00a0\u00a0Mal\u0131n tesliminden sonra ambalaj, bant, m\u00fch\u00fcr, paket gibi koruyucu unsurlar\u0131n \u00f6zellikleri halinde maddi olarak saklanan kitap, dijital i\u00e7erik ve bilgisayar sarf malzemelerine, veri kaydedilebilmesi ve veri saklanabilmesi cihazlar\u0131na ili\u015fkin s\u00f6zle\u015fmeler.<br>\u00a0\u00a0\u00a0\u00a0\u00a0\u00a0\u00a0\u00a0\u00a0\u00a0Abonelik s\u00fcresi kapsam\u0131nda g\u00f6nderilenler d\u0131\u015f\u0131nda, gazete ve dergi gibi s\u00fcrekli yay\u0131nlar\u0131n teslimine ili\u015fkin s\u00f6zle\u015fmeler.<br>\u00a0\u00a0\u00a0\u00a0\u00a0\u00a0\u00a0\u00a0\u00a0\u00a0bir tarihte veya d\u00f6nemde yap\u0131lmas\u0131 gereken, konaklama, e\u015fya ta\u015f\u0131ma, araba kiralama, yiyecek-i\u00e7ecek tedariki ve e\u011flence veya dinlenme amac\u0131yla yap\u0131lan bo\u015f zaman bak\u0131m\u0131na ili\u015fkin s\u00f6zle\u015fmeler.<br>\u00a0\u00a0\u00a0\u00a0\u00a0\u00a0\u00a0\u00a0\u00a0\u00a0Elektronik ortamda an\u0131nda ifa edilen hizmetler veya hizmetlere an\u0131nda teslim edilen gayri maddi mallara ili\u015fkin s\u00f6zle\u015fmeler.<br>\u00a0\u00a0\u00a0\u00a0\u00a0\u00a0\u00a0\u00a0\u00a0\u00a0Cayma hakk\u0131 s\u00fcresi sona ermeden \u00f6nce, ka\u00e7ak\u00e7\u0131l\u0131\u011f\u0131n bo\u015fanmas\u0131 ile ifas\u0131na ba\u015flanan hizmetlere ili\u015fkin s\u00f6zle\u015fmeler.<br>\u00a0\u00a0\u00a0\u00a0\u00a0\u00a0\u00a0\u00a0\u00a0\u00a0belirtilen \u00fcr\u00fcnler ve sebepleri CAYMA HAKKI KULLANILAMAYACAK \u00fcr\u00fcnlerdir; Kozmetik ve ki\u015fisel bak\u0131m \u00fcr\u00fcnleri, i\u00e7 giyim \u00fcr\u00fcnleri, mayo, bikini, K\u0130TAP, kopyalanabilir yaz\u0131l\u0131m ve programlar, DVD, VCD, CD ve kasetler ile k\u0131rtasiye sarf malzemeleri (toner, kartu\u015f, \u015ferit vb.) iade edilebilmesi i\u00e7in ambalajlar\u0131n\u0131n a\u00e7\u0131lmam\u0131\u015f, denenmemi\u015f, bozulmam\u0131\u015f ve kullan\u0131lmam\u0131\u015f olmas\u0131 gerekir.<br>\u00a0\u00a0\u00a0\u00a0\u00a0\u00a0\u00a0\u00a0\u00a0\u00a0Al\u0131c\u0131, sipari\u015finin iptali i\u00e7in sipari\u015fi onaylad\u0131\u011f\u0131 g\u00fcn\u00fcn mesai bitimine kadar telefon, faks, eposta veya telefon ile sat\u0131c\u0131ya bildirmesi gerekmektedir. Al\u0131c\u0131n\u0131n, ar\u0131zal\u0131 olmas\u0131 durumunda, sipari\u015fin iptali veya \u00fcr\u00fcn\u00fcn ayn\u0131s\u0131 ile de\u011fi\u015ftirilmesi talep edilebilir<\/p><\/p>","protected":false},"excerpt":{"rendered":"<p>Sat\u0131c\u0131, cayma bildiriminin kendisine ait oldu\u011fundan en ge\u00e7 14 g\u00fcnl\u00fck s\u00fcre i\u00e7erisinde toplam \u00fccret ve al\u0131c\u0131y\u0131 bor\u00e7 kar\u015f\u0131l\u0131\u011f\u0131nda, belgeyi al\u0131c\u0131ya iade etmek ve 20 g\u00fcnl\u00fck s\u00fcre i\u00e7erisinde mal iade almakla ba\u011fl\u0131d\u0131r.          Al\u0131c\u0131n\u0131n kusurundan kaynaklanan bir hastal\u0131k malin\u0131n de\u011ferinde bir azalma olursa veya iade imkans\u0131zla\u015f\u0131rsa al\u0131c\u0131 kusuru oran\u0131nda sat\u0131c\u0131n\u0131n zararlar\u0131n\u0131 tazmin etmekle ba\u011fl\u0131d\u0131r. Cayma hakk\u0131n\u0131n kullan\u0131lmas\u0131\u2026<\/p>","protected":false},"author":1,"featured_media":0,"parent":0,"menu_order":0,"comment_status":"closed","ping_status":"closed","template":"","meta":{"om_disable_all_campaigns":false,"_monsterinsights_skip_tracking":false,"_monsterinsights_sitenote_active":false,"_monsterinsights_sitenote_note":"","_monsterinsights_sitenote_category":0,"_kad_post_transparent":"","_kad_post_title":"","_kad_post_layout":"","_kad_post_sidebar_id":"","_kad_post_content_style":"","_kad_post_vertical_padding":"","_kad_post_feature":"","_kad_post_feature_position":"","_kad_post_header":false,"_kad_post_footer":false,"footnotes":"","_joinchat":[]},"aioseo_notices":[],"jetpack_sharing_enabled":true,"_links":{"self":[{"href":"https:\/\/mydreamlandhome.com\/tr\/wp-json\/wp\/v2\/pages\/4953"}],"collection":[{"href":"https:\/\/mydreamlandhome.com\/tr\/wp-json\/wp\/v2\/pages"}],"about":[{"href":"https:\/\/mydreamlandhome.com\/tr\/wp-json\/wp\/v2\/types\/page"}],"author":[{"embeddable":true,"href":"https:\/\/mydreamlandhome.com\/tr\/wp-json\/wp\/v2\/users\/1"}],"replies":[{"embeddable":true,"href":"https:\/\/mydreamlandhome.com\/tr\/wp-json\/wp\/v2\/comments?post=4953"}],"version-history":[{"count":3,"href":"https:\/\/mydreamlandhome.com\/tr\/wp-json\/wp\/v2\/pages\/4953\/revisions"}],"predecessor-version":[{"id":5020,"href":"https:\/\/mydreamlandhome.com\/tr\/wp-json\/wp\/v2\/pages\/4953\/revisions\/5020"}],"wp:attachment":[{"href":"https:\/\/mydreamlandhome.com\/tr\/wp-json\/wp\/v2\/media?parent=4953"}],"curies":[{"name":"wp","href":"https:\/\/api.w.org\/{rel}","templated":true}]}}