{"id":4640,"date":"2024-01-11T08:06:06","date_gmt":"2024-01-11T08:06:06","guid":{"rendered":"https:\/\/mydreamlandhome.com\/?page_id=4640"},"modified":"2024-02-13T21:25:37","modified_gmt":"2024-02-13T21:25:37","slug":"main-page","status":"publish","type":"page","link":"https:\/\/mydreamlandhome.com\/tr\/","title":{"rendered":"Ana Sayfa"},"content":{"rendered":"<div data-elementor-type=\"wp-page\" data-elementor-id=\"4640\" class=\"elementor elementor-4640\">\n\t\t\t\t\t\t\t<div class=\"elementor-element elementor-element-b51924d e-con-full e-flex e-con e-parent\" data-id=\"b51924d\" data-element_type=\"container\" data-settings=\"{&quot;content_width&quot;:&quot;full&quot;,&quot;background_background&quot;:&quot;slideshow&quot;,&quot;background_slideshow_gallery&quot;:[{&quot;id&quot;:4645,&quot;url&quot;:&quot;https:\\\/\\\/mydreamlandhome.com\\\/wp-content\\\/uploads\\\/2024\\\/01\\\/thumbnail_IMG_4075.jpg&quot;},{&quot;id&quot;:4657,&quot;url&quot;:&quot;https:\\\/\\\/mydreamlandhome.com\\\/wp-content\\\/uploads\\\/2024\\\/01\\\/20210615_140555-scaled.jpg&quot;},{&quot;id&quot;:4658,&quot;url&quot;:&quot;https:\\\/\\\/mydreamlandhome.com\\\/wp-content\\\/uploads\\\/2024\\\/01\\\/20220130_144240-scaled-e1705604027441.jpg&quot;},{&quot;id&quot;:4655,&quot;url&quot;:&quot;https:\\\/\\\/mydreamlandhome.com\\\/wp-content\\\/uploads\\\/2024\\\/01\\\/20210108_102633-scaled.jpg&quot;},{&quot;id&quot;:4654,&quot;url&quot;:&quot;https:\\\/\\\/mydreamlandhome.com\\\/wp-content\\\/uploads\\\/2024\\\/01\\\/20210615_125646-scaled.jpg&quot;},{&quot;id&quot;:4650,&quot;url&quot;:&quot;https:\\\/\\\/mydreamlandhome.com\\\/wp-content\\\/uploads\\\/2024\\\/01\\\/20201001_174358-scaled.jpg&quot;},{&quot;id&quot;:4649,&quot;url&quot;:&quot;https:\\\/\\\/mydreamlandhome.com\\\/wp-content\\\/uploads\\\/2024\\\/01\\\/20200830_103546-scaled.jpg&quot;},{&quot;id&quot;:4648,&quot;url&quot;:&quot;https:\\\/\\\/mydreamlandhome.com\\\/wp-content\\\/uploads\\\/2024\\\/01\\\/20200905_202920-scaled.jpg&quot;},{&quot;id&quot;:4646,&quot;url&quot;:&quot;https:\\\/\\\/mydreamlandhome.com\\\/wp-content\\\/uploads\\\/2024\\\/01\\\/thumbnail_IMG_2612.jpg&quot;},{&quot;id&quot;:4644,&quot;url&quot;:&quot;https:\\\/\\\/mydreamlandhome.com\\\/wp-content\\\/uploads\\\/2024\\\/01\\\/thumbnail_IMG_7476.jpg&quot;},{&quot;id&quot;:4642,&quot;url&quot;:&quot;https:\\\/\\\/mydreamlandhome.com\\\/wp-content\\\/uploads\\\/2024\\\/01\\\/thumbnail_IMG_2045.jpg&quot;},{&quot;id&quot;:44,&quot;url&quot;:&quot;https:\\\/\\\/mydreamlandhome.com\\\/wp-content\\\/uploads\\\/2024\\\/01\\\/20210405_192611-scaled.jpg&quot;}],&quot;background_slideshow_slide_duration&quot;:500,&quot;background_slideshow_transition_duration&quot;:5000,&quot;shape_divider_bottom&quot;:&quot;mountains&quot;,&quot;background_slideshow_ken_burns&quot;:&quot;yes&quot;,&quot;background_slideshow_loop&quot;:&quot;yes&quot;,&quot;background_slideshow_slide_transition&quot;:&quot;fade&quot;,&quot;background_slideshow_ken_burns_zoom_direction&quot;:&quot;in&quot;}\" data-core-v316-plus=\"true\">\n\t\t\t\t<div class=\"elementor-shape elementor-shape-bottom\" data-negative=\"false\">\n\t\t\t<svg xmlns=\"http:\/\/www.w3.org\/2000\/svg\" viewbox=\"0 0 1000 100\" preserveaspectratio=\"none\">\n\t<path class=\"elementor-shape-fill\" opacity=\"0.33\" d=\"M473,67.3c-203.9,88.3-263.1-34-320.3,0C66,119.1,0,59.7,0,59.7V0h1000v59.7 c0,0-62.1,26.1-94.9,29.3c-32.8,3.3-62.8-12.3-75.8-22.1C806,49.6,745.3,8.7,694.9,4.7S492.4,59,473,67.3z\"\/>\n\t<path class=\"elementor-shape-fill\" opacity=\"0.66\" d=\"M734,67.3c-45.5,0-77.2-23.2-129.1-39.1c-28.6-8.7-150.3-10.1-254,39.1 s-91.7-34.4-149.2,0C115.7,118.3,0,39.8,0,39.8V0h1000v36.5c0,0-28.2-18.5-92.1-18.5C810.2,18.1,775.7,67.3,734,67.3z\"\/>\n\t<path class=\"elementor-shape-fill\" d=\"M766.1,28.9c-200-57.5-266,65.5-395.1,19.5C242,1.8,242,5.4,184.8,20.6C128,35.8,132.3,44.9,89.9,52.5C28.6,63.7,0,0,0,0 h1000c0,0-9.9,40.9-83.6,48.1S829.6,47,766.1,28.9z\"\/>\n<\/svg>\t\t<\/div>\n\t\t<div class=\"elementor-element elementor-element-645a321 e-con-full e-flex e-con e-child\" data-id=\"645a321\" data-element_type=\"container\" data-settings=\"{&quot;content_width&quot;:&quot;full&quot;}\">\n\t\t\t\t<div class=\"elementor-element elementor-element-51dd9ad elementor-widget elementor-widget-heading\" data-id=\"51dd9ad\" data-element_type=\"widget\" data-widget_type=\"heading.default\">\n\t\t\t\t<div class=\"elementor-widget-container\">\n\t\t\t<style>\/*! elementor - v3.18.0 - 20-12-2023 *\/\n.elementor-heading-title{padding:0;margin:0;line-height:1}.elementor-widget-heading .elementor-heading-title[class*=elementor-size-]>a{color:inherit;font-size:inherit;line-height:inherit}.elementor-widget-heading .elementor-heading-title.elementor-size-small{font-size:15px}.elementor-widget-heading .elementor-heading-title.elementor-size-medium{font-size:19px}.elementor-widget-heading .elementor-heading-title.elementor-size-large{font-size:29px}.elementor-widget-heading .elementor-heading-title.elementor-size-xl{font-size:39px}.elementor-widget-heading .elementor-heading-title.elementor-size-xxl{font-size:59px}<\/style><h2 class=\"elementor-heading-title elementor-size-default\">S\u0130TE YAPIM A\u015eAMASINDA<\/h2>\t\t<\/div>\n\t\t\t\t<\/div>\n\t\t\t\t<div class=\"elementor-element elementor-element-19aea43 elementor-widget elementor-widget-text-editor\" data-id=\"19aea43\" data-element_type=\"widget\" data-widget_type=\"text-editor.default\">\n\t\t\t\t<div class=\"elementor-widget-container\">\n\t\t\t<style>\/*! elementor - v3.18.0 - 20-12-2023 *\/\n.elementor-widget-text-editor.elementor-drop-cap-view-stacked .elementor-drop-cap{background-color:#69727d;color:#fff}.elementor-widget-text-editor.elementor-drop-cap-view-framed .elementor-drop-cap{color:#69727d;border:3px solid;background-color:transparent}.elementor-widget-text-editor:not(.elementor-drop-cap-view-default) .elementor-drop-cap{margin-top:8px}.elementor-widget-text-editor:not(.elementor-drop-cap-view-default) .elementor-drop-cap-letter{width:1em;height:1em}.elementor-widget-text-editor .elementor-drop-cap{float:left;text-align:center;line-height:1;font-size:50px}.elementor-widget-text-editor .elementor-drop-cap-letter{display:inline-block}<\/style>\t\t\t\t<p>Yak\u0131nda gelecek\u2026.<\/p>\t\t\t\t\t\t<\/div>\n\t\t\t\t<\/div>\n\t\t\t\t<div class=\"elementor-element elementor-element-f40e4f6 elementor-widget elementor-widget-button\" data-id=\"f40e4f6\" data-element_type=\"widget\" data-widget_type=\"button.default\">\n\t\t\t\t<div class=\"elementor-widget-container\">\n\t\t\t\t\t<div class=\"elementor-button-wrapper\">\n\t\t\t<a class=\"elementor-button elementor-button-link elementor-size-md elementor-animation-pulse-grow\" href=\"#\">\n\t\t\t\t\t\t<span class=\"elementor-button-content-wrapper\">\n\t\t\t\t\t\t<span class=\"elementor-button-text\">buraya t\u0131klay\u0131n<\/span>\n\t\t<\/span>\n\t\t\t\t\t<\/a>\n\t\t<\/div>\n\t\t\t\t<\/div>\n\t\t\t\t<\/div>\n\t\t\t\t<\/div>\n\t\t<div class=\"elementor-element elementor-element-6feacf3 e-flex e-con-boxed e-con e-child\" data-id=\"6feacf3\" data-element_type=\"container\" data-settings=\"{&quot;content_width&quot;:&quot;boxed&quot;}\">\n\t\t\t\t\t<div class=\"e-con-inner\">\n\t\t\t\t\t<\/div>\n\t\t\t\t<\/div>\n\t\t\t\t<\/div>\n\t\t<div class=\"elementor-element elementor-element-d122145 e-flex e-con-boxed e-con e-parent\" data-id=\"d122145\" data-element_type=\"container\" data-settings=\"{&quot;background_background&quot;:&quot;classic&quot;,&quot;content_width&quot;:&quot;boxed&quot;}\" data-core-v316-plus=\"true\">\n\t\t\t\t\t<div class=\"e-con-inner\">\n\t\t<div class=\"elementor-element elementor-element-18c36e4 e-flex e-con-boxed elementor-invisible e-con e-child\" data-id=\"18c36e4\" data-element_type=\"container\" data-settings=\"{&quot;background_background&quot;:&quot;classic&quot;,&quot;animation&quot;:&quot;rotateInDownLeft&quot;,&quot;content_width&quot;:&quot;boxed&quot;}\">\n\t\t\t\t\t<div class=\"e-con-inner\">\n\t\t\t\t<div class=\"elementor-element elementor-element-468a055 elementor-widget elementor-widget-image\" data-id=\"468a055\" data-element_type=\"widget\" data-widget_type=\"image.default\">\n\t\t\t\t<div class=\"elementor-widget-container\">\n\t\t\t<style>\/*! elementor - v3.18.0 - 20-12-2023 *\/\n.elementor-widget-image{text-align:center}.elementor-widget-image a{display:inline-block}.elementor-widget-image a img[src$=\".svg\"]{width:48px}.elementor-widget-image img{vertical-align:middle;display:inline-block}<\/style>\t\t\t\t\t\t\t\t\t\t\t\t\t<a href=\"https:\/\/mydreamlandhome.com\/tr\/urun-kategori\/baby\/\">\n\t\t\t\t\t\t\t<img fetchpriority=\"high\" decoding=\"async\" width=\"300\" height=\"169\" src=\"https:\/\/mydreamlandhome.com\/wp-content\/uploads\/2024\/02\/baby-1-300x169.png\" class=\"elementor-animation-grow attachment-medium size-medium wp-image-4991\" alt=\"\" srcset=\"https:\/\/mydreamlandhome.com\/wp-content\/uploads\/2024\/02\/baby-1-300x169.png 300w, https:\/\/mydreamlandhome.com\/wp-content\/uploads\/2024\/02\/baby-1-18x10.png 18w, https:\/\/mydreamlandhome.com\/wp-content\/uploads\/2024\/02\/baby-1-24x14.png 24w, https:\/\/mydreamlandhome.com\/wp-content\/uploads\/2024\/02\/baby-1-36x20.png 36w, https:\/\/mydreamlandhome.com\/wp-content\/uploads\/2024\/02\/baby-1-48x27.png 48w, https:\/\/mydreamlandhome.com\/wp-content\/uploads\/2024\/02\/baby-1.png 415w\" sizes=\"(max-width: 300px) 100vw, 300px\" \/>\t\t\t\t\t\t\t\t<\/a>\n\t\t\t\t\t\t\t\t\t\t\t\t\t\t\t<\/div>\n\t\t\t\t<\/div>\n\t\t\t\t<div class=\"elementor-element elementor-element-37ec816 elementor-widget elementor-widget-heading\" data-id=\"37ec816\" data-element_type=\"widget\" data-widget_type=\"heading.default\">\n\t\t\t\t<div class=\"elementor-widget-container\">\n\t\t\t<h2 class=\"elementor-heading-title elementor-size-default\"><a href=\"https:\/\/mydreamlandhome.com\/tr\/urun-kategori\/baby\/\">BEBEK \/ \u00c7OCUK<\/a><\/h2>\t\t<\/div>\n\t\t\t\t<\/div>\n\t\t\t\t\t<\/div>\n\t\t\t\t<\/div>\n\t\t<div class=\"elementor-element elementor-element-ebf04a7 e-flex e-con-boxed elementor-invisible e-con e-child\" data-id=\"ebf04a7\" data-element_type=\"container\" data-settings=\"{&quot;background_background&quot;:&quot;classic&quot;,&quot;animation&quot;:&quot;rotateInDownLeft&quot;,&quot;animation_delay&quot;:150,&quot;content_width&quot;:&quot;boxed&quot;}\">\n\t\t\t\t\t<div class=\"e-con-inner\">\n\t\t\t\t<div class=\"elementor-element elementor-element-487f203 elementor-widget elementor-widget-image\" data-id=\"487f203\" data-element_type=\"widget\" data-widget_type=\"image.default\">\n\t\t\t\t<div class=\"elementor-widget-container\">\n\t\t\t\t\t\t\t\t\t\t\t\t\t\t\t\t<a href=\"https:\/\/mydreamlandhome.com\/tr\/urun-kategori\/children\/\">\n\t\t\t\t\t\t\t<img decoding=\"async\" width=\"300\" height=\"168\" src=\"https:\/\/mydreamlandhome.com\/wp-content\/uploads\/2024\/01\/children2-300x168.png\" class=\"elementor-animation-grow attachment-medium size-medium wp-image-4688\" alt=\"\" srcset=\"https:\/\/mydreamlandhome.com\/wp-content\/uploads\/2024\/01\/children2-300x168.png 300w, https:\/\/mydreamlandhome.com\/wp-content\/uploads\/2024\/01\/children2-24x13.png 24w, https:\/\/mydreamlandhome.com\/wp-content\/uploads\/2024\/01\/children2-36x20.png 36w, https:\/\/mydreamlandhome.com\/wp-content\/uploads\/2024\/01\/children2-48x27.png 48w, https:\/\/mydreamlandhome.com\/wp-content\/uploads\/2024\/01\/children2.png 460w\" sizes=\"(max-width: 300px) 100vw, 300px\" \/>\t\t\t\t\t\t\t\t<\/a>\n\t\t\t\t\t\t\t\t\t\t\t\t\t\t\t<\/div>\n\t\t\t\t<\/div>\n\t\t\t\t<div class=\"elementor-element elementor-element-e9cec29 elementor-widget elementor-widget-heading\" data-id=\"e9cec29\" data-element_type=\"widget\" data-widget_type=\"heading.default\">\n\t\t\t\t<div class=\"elementor-widget-container\">\n\t\t\t<h2 class=\"elementor-heading-title elementor-size-default\"><a href=\"https:\/\/mydreamlandhome.com\/tr\/urun-kategori\/children\/\">\u00c7OCUKLAR<\/a><\/h2>\t\t<\/div>\n\t\t\t\t<\/div>\n\t\t\t\t\t<\/div>\n\t\t\t\t<\/div>\n\t\t<div class=\"elementor-element elementor-element-45cebbf e-flex e-con-boxed elementor-invisible e-con e-child\" data-id=\"45cebbf\" data-element_type=\"container\" data-settings=\"{&quot;background_background&quot;:&quot;classic&quot;,&quot;animation&quot;:&quot;rotateInDownLeft&quot;,&quot;animation_delay&quot;:300,&quot;content_width&quot;:&quot;boxed&quot;}\">\n\t\t\t\t\t<div class=\"e-con-inner\">\n\t\t\t\t<div class=\"elementor-element elementor-element-e8ab77b elementor-widget elementor-widget-image\" data-id=\"e8ab77b\" data-element_type=\"widget\" data-widget_type=\"image.default\">\n\t\t\t\t<div class=\"elementor-widget-container\">\n\t\t\t\t\t\t\t\t\t\t\t\t\t\t\t\t<a href=\"https:\/\/mydreamlandhome.com\/tr\/urun-kategori\/teenager\/\">\n\t\t\t\t\t\t\t<img decoding=\"async\" width=\"300\" height=\"169\" src=\"https:\/\/mydreamlandhome.com\/wp-content\/uploads\/2024\/02\/teenager-300x169.png\" class=\"elementor-animation-grow attachment-medium size-medium wp-image-4992\" alt=\"\" srcset=\"https:\/\/mydreamlandhome.com\/wp-content\/uploads\/2024\/02\/teenager-300x169.png 300w, https:\/\/mydreamlandhome.com\/wp-content\/uploads\/2024\/02\/teenager-18x10.png 18w, https:\/\/mydreamlandhome.com\/wp-content\/uploads\/2024\/02\/teenager-24x14.png 24w, https:\/\/mydreamlandhome.com\/wp-content\/uploads\/2024\/02\/teenager-36x20.png 36w, https:\/\/mydreamlandhome.com\/wp-content\/uploads\/2024\/02\/teenager-48x27.png 48w, https:\/\/mydreamlandhome.com\/wp-content\/uploads\/2024\/02\/teenager.png 447w\" sizes=\"(max-width: 300px) 100vw, 300px\" \/>\t\t\t\t\t\t\t\t<\/a>\n\t\t\t\t\t\t\t\t\t\t\t\t\t\t\t<\/div>\n\t\t\t\t<\/div>\n\t\t\t\t<div class=\"elementor-element elementor-element-6ba0598 elementor-widget elementor-widget-heading\" data-id=\"6ba0598\" data-element_type=\"widget\" data-widget_type=\"heading.default\">\n\t\t\t\t<div class=\"elementor-widget-container\">\n\t\t\t<h2 class=\"elementor-heading-title elementor-size-default\"><a href=\"https:\/\/mydreamlandhome.com\/tr\/urun-kategori\/teenager\/\">GEN\u00c7LER<\/a><\/h2>\t\t<\/div>\n\t\t\t\t<\/div>\n\t\t\t\t\t<\/div>\n\t\t\t\t<\/div>\n\t\t<div class=\"elementor-element elementor-element-bdebd61 e-flex e-con-boxed elementor-invisible e-con e-child\" data-id=\"bdebd61\" data-element_type=\"container\" data-settings=\"{&quot;background_background&quot;:&quot;classic&quot;,&quot;animation&quot;:&quot;rotateInDownLeft&quot;,&quot;animation_delay&quot;:450,&quot;content_width&quot;:&quot;boxed&quot;}\">\n\t\t\t\t\t<div class=\"e-con-inner\">\n\t\t\t\t<div class=\"elementor-element elementor-element-35938a4 elementor-widget elementor-widget-image\" data-id=\"35938a4\" data-element_type=\"widget\" data-widget_type=\"image.default\">\n\t\t\t\t<div class=\"elementor-widget-container\">\n\t\t\t\t\t\t\t\t\t\t\t\t\t\t\t\t<a href=\"https:\/\/mydreamlandhome.com\/tr\/urun-kategori\/adults\/\">\n\t\t\t\t\t\t\t<img decoding=\"async\" src=\"https:\/\/mydreamlandhome.com\/wp-content\/uploads\/elementor\/thumbs\/2179285-qi644hb9c36moweo90zuq4rakls87nnjsmpchom6ny.png\" title=\"2179285\" alt=\"2179285\" class=\"elementor-animation-grow\" loading=\"lazy\" \/>\t\t\t\t\t\t\t\t<\/a>\n\t\t\t\t\t\t\t\t\t\t\t\t\t\t\t<\/div>\n\t\t\t\t<\/div>\n\t\t\t\t<div class=\"elementor-element elementor-element-cc95ae8 elementor-widget elementor-widget-heading\" data-id=\"cc95ae8\" data-element_type=\"widget\" data-widget_type=\"heading.default\">\n\t\t\t\t<div class=\"elementor-widget-container\">\n\t\t\t<h2 class=\"elementor-heading-title elementor-size-default\"><a href=\"https:\/\/mydreamlandhome.com\/tr\/urun-kategori\/adults\/\">YET\u0130\u015eK\u0130NLER<\/a><\/h2>\t\t<\/div>\n\t\t\t\t<\/div>\n\t\t\t\t\t<\/div>\n\t\t\t\t<\/div>\n\t\t<div class=\"elementor-element elementor-element-ea97097 e-flex e-con-boxed elementor-invisible e-con e-child\" data-id=\"ea97097\" data-element_type=\"container\" data-settings=\"{&quot;background_background&quot;:&quot;classic&quot;,&quot;animation&quot;:&quot;rotateInDownLeft&quot;,&quot;animation_delay&quot;:600,&quot;content_width&quot;:&quot;boxed&quot;}\">\n\t\t\t\t\t<div class=\"e-con-inner\">\n\t\t\t\t<div class=\"elementor-element elementor-element-fbfdf20 elementor-widget elementor-widget-image\" data-id=\"fbfdf20\" data-element_type=\"widget\" data-widget_type=\"image.default\">\n\t\t\t\t<div class=\"elementor-widget-container\">\n\t\t\t\t\t\t\t\t\t\t\t\t\t\t\t\t<a href=\"https:\/\/mydreamlandhome.com\/tr\/urun-kategori\/workspace-office\/\">\n\t\t\t\t\t\t\t<img decoding=\"async\" src=\"https:\/\/mydreamlandhome.com\/wp-content\/uploads\/elementor\/thumbs\/612260fa10aa310004f39817-qi64gb455gk21k040sx6a8hcijur9s4ljejiyti9d4.png\" title=\"612260fa10aa310004f39817\" alt=\"612260fa10aa310004f39817\" class=\"elementor-animation-grow\" loading=\"lazy\" \/>\t\t\t\t\t\t\t\t<\/a>\n\t\t\t\t\t\t\t\t\t\t\t\t\t\t\t<\/div>\n\t\t\t\t<\/div>\n\t\t\t\t<div class=\"elementor-element elementor-element-1c27058 elementor-widget elementor-widget-heading\" data-id=\"1c27058\" data-element_type=\"widget\" data-widget_type=\"heading.default\">\n\t\t\t\t<div class=\"elementor-widget-container\">\n\t\t\t<h2 class=\"elementor-heading-title elementor-size-default\"><a href=\"https:\/\/mydreamlandhome.com\/tr\/urun-kategori\/workspace-office\/\">OF\u0130S<\/a><\/h2>\t\t<\/div>\n\t\t\t\t<\/div>\n\t\t\t\t\t<\/div>\n\t\t\t\t<\/div>\n\t\t\t\t\t<\/div>\n\t\t\t\t<\/div>\n\t\t<div class=\"elementor-element elementor-element-aac8579 e-flex e-con-boxed e-con e-parent\" data-id=\"aac8579\" data-element_type=\"container\" data-settings=\"{&quot;background_background&quot;:&quot;classic&quot;,&quot;content_width&quot;:&quot;boxed&quot;}\" data-core-v316-plus=\"true\">\n\t\t\t\t\t<div class=\"e-con-inner\">\n\t\t\t\t\t<\/div>\n\t\t\t\t<\/div>\n\t\t<div class=\"elementor-element elementor-element-7a0b0d0 e-flex e-con-boxed e-con e-parent\" data-id=\"7a0b0d0\" data-element_type=\"container\" data-settings=\"{&quot;background_background&quot;:&quot;classic&quot;,&quot;content_width&quot;:&quot;boxed&quot;}\" data-core-v316-plus=\"true\">\n\t\t\t\t\t<div class=\"e-con-inner\">\n\t\t\t\t\t<\/div>\n\t\t\t\t<\/div>\n\t\t<div class=\"elementor-element elementor-element-ac2ec31 e-flex e-con-boxed e-con e-parent\" data-id=\"ac2ec31\" data-element_type=\"container\" data-settings=\"{&quot;content_width&quot;:&quot;boxed&quot;}\" data-core-v316-plus=\"true\">\n\t\t\t\t\t<div class=\"e-con-inner\">\n\t\t\t\t\t<\/div>\n\t\t\t\t<\/div>\n\t\t\t\t\t\t\t<\/div>","protected":false},"excerpt":{"rendered":"<p>SITE UNDER CONSTRUCTION Coming soon&#8230;. Click here BABY \/TODDLER KIDS TEENAGERS ADULTS OFFICE<\/p>","protected":false},"author":1,"featured_media":0,"parent":0,"menu_order":0,"comment_status":"closed","ping_status":"closed","template":"","meta":{"om_disable_all_campaigns":false,"_monsterinsights_skip_tracking":false,"_monsterinsights_sitenote_active":false,"_monsterinsights_sitenote_note":"","_monsterinsights_sitenote_category":0,"_kad_post_transparent":"","_kad_post_title":"hide","_kad_post_layout":"fullwidth","_kad_post_sidebar_id":"","_kad_post_content_style":"unboxed","_kad_post_vertical_padding":"hide","_kad_post_feature":"hide","_kad_post_feature_position":"","_kad_post_header":false,"_kad_post_footer":false,"footnotes":"","_joinchat":[]},"aioseo_notices":[],"jetpack_sharing_enabled":true,"_links":{"self":[{"href":"https:\/\/mydreamlandhome.com\/tr\/wp-json\/wp\/v2\/pages\/4640"}],"collection":[{"href":"https:\/\/mydreamlandhome.com\/tr\/wp-json\/wp\/v2\/pages"}],"about":[{"href":"https:\/\/mydreamlandhome.com\/tr\/wp-json\/wp\/v2\/types\/page"}],"author":[{"embeddable":true,"href":"https:\/\/mydreamlandhome.com\/tr\/wp-json\/wp\/v2\/users\/1"}],"replies":[{"embeddable":true,"href":"https:\/\/mydreamlandhome.com\/tr\/wp-json\/wp\/v2\/comments?post=4640"}],"version-history":[{"count":137,"href":"https:\/\/mydreamlandhome.com\/tr\/wp-json\/wp\/v2\/pages\/4640\/revisions"}],"predecessor-version":[{"id":5042,"href":"https:\/\/mydreamlandhome.com\/tr\/wp-json\/wp\/v2\/pages\/4640\/revisions\/5042"}],"wp:attachment":[{"href":"https:\/\/mydreamlandhome.com\/tr\/wp-json\/wp\/v2\/media?parent=4640"}],"curies":[{"name":"wp","href":"https:\/\/api.w.org\/{rel}","templated":true}]}}