{"id":4548,"date":"2024-01-08T21:48:37","date_gmt":"2024-01-08T21:48:37","guid":{"rendered":"https:\/\/mydreamlandhome.com\/?page_id=4548"},"modified":"2024-01-08T21:48:39","modified_gmt":"2024-01-08T21:48:39","slug":"cookie-policy","status":"publish","type":"page","link":"https:\/\/mydreamlandhome.com\/tr\/cookie-policy\/","title":{"rendered":"\u00c7erez politikas\u0131"},"content":{"rendered":"<h3 class=\"wp-block-heading\"><\/h3>\n\n\n\n<p>Bu \u00c7erez Politikas\u0131 [\u015eirket Ad\u0131]&#039;n\u0131n (&quot;<strong>\u015eirket<\/strong>&quot;&quot;<strong>Biz<\/strong>&quot;&quot;<strong>biz<\/strong>,&quot; veya &quot;<strong>bizim<\/strong>\u201d), [Web Sitesi URL&#039;si] adresindeki web sitelerimizi ziyaret etti\u011finizde sizi tan\u0131mak i\u00e7in \u00e7erezler ve benzer teknolojiler kullan\u0131r (&quot;<strong>Web siteleri<\/strong>\u201c). Bu teknolojilerin ne oldu\u011funu ve bunlar\u0131 neden kulland\u0131\u011f\u0131m\u0131z\u0131n yan\u0131 s\u0131ra bunlar\u0131 kullan\u0131m\u0131m\u0131z\u0131 kontrol etme haklar\u0131n\u0131z\u0131 da a\u00e7\u0131klar.<\/p>\n\n\n\n<p>Baz\u0131 durumlarda \u00e7erezleri ki\u015fisel bilgi toplamak i\u00e7in kullanabiliriz veya bu bilgiler ba\u015fka bilgilerle birle\u015ftirildi\u011finde ki\u015fisel bilgi haline gelir.<\/p>\n\n\n\n<p>Bu \u00e7erez politikas\u0131 Termly&#039;nin \u00e7\u00f6z\u00fcm\u00fc taraf\u0131ndan olu\u015fturulmu\u015ftur.&nbsp;<a href=\"https:\/\/termly.io\/products\/cookie-consent-manager\/\">\u00e7erez onay\u0131<\/a>.<\/p>\n\n\n\n<p><strong>\u00c7erezler nedir?<\/strong><\/p>\n\n\n\n<p>\u00c7erezler, bir web sitesini ziyaret etti\u011finizde bilgisayar\u0131n\u0131za veya mobil cihaz\u0131n\u0131za yerle\u015ftirilen k\u00fc\u00e7\u00fck veri dosyalar\u0131d\u0131r. \u00c7erezler, web sitelerinin \u00e7al\u0131\u015fmas\u0131n\u0131 sa\u011flamak veya daha verimli \u00e7al\u0131\u015fmas\u0131n\u0131n yan\u0131 s\u0131ra raporlama bilgileri sa\u011flamak amac\u0131yla web sitesi sahipleri taraf\u0131ndan yayg\u0131n olarak kullan\u0131lmaktad\u0131r.<\/p>\n\n\n\n<p>I Web sitesi sahibi taraf\u0131ndan ayarlanan \u00c7erezlere (bu durumda, [\u015eirket Ad\u0131]) \u201cbirinci taraf \u00e7erezleri\u201d ad\u0131 verilir. Web sitesi sahibi d\u0131\u015f\u0131ndaki ki\u015filer taraf\u0131ndan yerle\u015ftirilen \u00e7erezlere \u201c\u00fc\u00e7\u00fcnc\u00fc taraf \u00e7erezleri\u201d ad\u0131 verilmektedir. \u00dc\u00e7\u00fcnc\u00fc taraf \u00e7erezleri, \u00fc\u00e7\u00fcnc\u00fc taraf \u00f6zelliklerinin veya i\u015flevlerinin web sitesinde veya arac\u0131l\u0131\u011f\u0131yla sa\u011flanmas\u0131na olanak tan\u0131r (\u00f6rne\u011fin, reklam, etkile\u015fimli i\u00e7erik ve analiz). Bu \u00fc\u00e7\u00fcnc\u00fc taraf \u00e7erezlerini yerle\u015ftiren taraflar, bilgisayar\u0131n\u0131z\u0131 hem s\u00f6z konusu web sitesini ziyaret etti\u011finde hem de di\u011fer baz\u0131 web sitelerini ziyaret etti\u011finde tan\u0131yabilir.<\/p>\n\n\n\n<p><strong>\u00c7erezleri neden kullan\u0131yoruz?<\/strong><\/p>\n\n\n\n<p>Birinci ve \u00fc\u00e7\u00fcnc\u00fc taraf \u00e7erezlerini \u00e7e\u015fitli nedenlerle kullan\u0131yoruz. Web Sitelerimizin \u00e7al\u0131\u015fabilmesi i\u00e7in teknik nedenlerden dolay\u0131 baz\u0131 \u00e7erezler gereklidir ve bunlar\u0131 \u201cgerekli\u201d veya \u201ckesinlikle gerekli\u201d \u00e7erezler olarak adland\u0131r\u0131yoruz. Di\u011fer \u00e7erezler ayr\u0131ca \u00c7evrimi\u00e7i \u00d6zelliklerimizdeki deneyimi geli\u015ftirmek i\u00e7in kullan\u0131c\u0131lar\u0131m\u0131z\u0131n ilgi alanlar\u0131n\u0131 takip etmemize ve hedeflememize olanak tan\u0131r. \u00dc\u00e7\u00fcnc\u00fc taraflar reklam, analiz ve di\u011fer ama\u00e7larla Web Sitelerimiz arac\u0131l\u0131\u011f\u0131yla \u00e7erezler sunar. Bu, a\u015fa\u011f\u0131da daha ayr\u0131nt\u0131l\u0131 olarak a\u00e7\u0131klanmaktad\u0131r.<\/p>\n\n\n\n<p><strong>\u00c7erezleri nas\u0131l kontrol edebilirim?<\/strong><\/p>\n\n\n\n<p>\u00c7erezleri kabul edip etmemeye karar verme hakk\u0131na sahipsiniz. \u00c7erez Onay Y\u00f6neticisinde tercihlerinizi ayarlayarak \u00e7erez haklar\u0131n\u0131z\u0131 kullanabilirsiniz. \u00c7erez Onay Y\u00f6neticisi, hangi \u00e7erez kategorilerini kabul edece\u011finizi veya reddedece\u011finizi se\u00e7menize olanak tan\u0131r. Temel \u00e7erezler, size hizmet sa\u011flamak i\u00e7in kesinlikle gerekli olduklar\u0131ndan reddedilemez.<\/p>\n\n\n\n<p>\u00c7erez Onay Y\u00f6neticisini bildirim ba\u015fl\u0131\u011f\u0131nda ve web sitemizde bulabilirsiniz. \u00c7erezleri reddetmeyi se\u00e7erseniz, web sitemizin baz\u0131 i\u015flevlerine ve alanlar\u0131na eri\u015fiminiz k\u0131s\u0131tlansa da web sitemizi kullanmaya devam edebilirsiniz. Ayr\u0131ca web taray\u0131c\u0131n\u0131z\u0131n kontrollerini \u00e7erezleri kabul edecek veya reddedecek \u015fekilde ayarlayabilir veya de\u011fi\u015ftirebilirsiniz.<\/p>\n\n\n\n<p>Web Sitelerimiz arac\u0131l\u0131\u011f\u0131yla sunulan birinci ve \u00fc\u00e7\u00fcnc\u00fc taraf tan\u0131mlama bilgilerinin belirli t\u00fcrleri ve bunlar\u0131n ger\u00e7ekle\u015ftirdikleri ama\u00e7lar a\u015fa\u011f\u0131daki tabloda a\u00e7\u0131klanm\u0131\u015ft\u0131r (sunulan belirli tan\u0131mlama bilgilerinin, ziyaret etti\u011finiz belirli \u00c7evrimi\u00e7i Varl\u0131klara ba\u011fl\u0131 olarak de\u011fi\u015febilece\u011fini l\u00fctfen unutmay\u0131n):<\/p>\n\n\n\n<p><strong>Temel web sitesi \u00e7erezleri:<\/strong><\/p>\n\n\n\n<p>Bu \u00e7erezler, Web Sitelerimiz arac\u0131l\u0131\u011f\u0131yla size sunulan hizmetleri sa\u011flamak ve g\u00fcvenli alanlara eri\u015fim gibi baz\u0131 \u00f6zelliklerini kullanabilmeniz i\u00e7in kesinlikle gereklidir.<\/p>\n\n\n\n<figure class=\"wp-block-table\"><table><tbody><tr><td>\u0130sim:<\/td><td>[\u00c7erez Ad\u0131]<\/td><\/tr><tr><td>Ama\u00e7:<\/td><td>[Ama\u00e7]<\/td><\/tr><tr><td>Sa\u011flay\u0131c\u0131:<\/td><td>[\u0130htisas]<\/td><\/tr><tr><td>Hizmet:<\/td><td>[Hizmet] [Hizmetin Gizlilik Politikas\u0131 URL&#039;si]<\/td><\/tr><tr><td>\u00dclke:<\/td><td>[\u00dclke]<\/td><\/tr><tr><td>Tip:<\/td><td>[\u0130zleyici T\u00fcr\u00fc]<\/td><\/tr><tr><td>\u0130\u00e7inde sona eriyor:<\/td><td>[Son kullanma tarihi]<\/td><\/tr><\/tbody><\/table><\/figure>\n\n\n\n<p><strong>Performans ve i\u015flevsellik \u00e7erezleri:<\/strong><\/p>\n\n\n\n<p>Bu \u00e7erezler Web Sitelerimizin performans\u0131n\u0131 ve i\u015flevselli\u011fini geli\u015ftirmek i\u00e7in kullan\u0131l\u0131r ancak kullan\u0131mlar\u0131 i\u00e7in zorunlu de\u011fildir. Ancak bu \u00e7erezler olmadan belirli i\u015flevler (videolar gibi) kullan\u0131lamayabilir.<\/p>\n\n\n\n<figure class=\"wp-block-table\"><table><tbody><tr><td>\u0130sim:<\/td><td>[\u00c7erez Ad\u0131]<\/td><\/tr><tr><td>Ama\u00e7:<\/td><td>[Ama\u00e7]<\/td><\/tr><tr><td>Sa\u011flay\u0131c\u0131:<\/td><td>[\u0130htisas]<\/td><\/tr><tr><td>Hizmet:<\/td><td>[Hizmet] [Hizmetin Gizlilik Politikas\u0131 URL&#039;si]<\/td><\/tr><tr><td>\u00dclke:<\/td><td>[\u00dclke]<\/td><\/tr><tr><td>Tip:<\/td><td>[\u0130zleyici T\u00fcr\u00fc]<\/td><\/tr><tr><td>\u0130\u00e7inde sona eriyor:<\/td><td>[Son kullanma tarihi]<\/td><\/tr><\/tbody><\/table><\/figure>\n\n\n\n<p><strong>Analitik ve \u00f6zelle\u015ftirme \u00e7erezleri:<\/strong><\/p>\n\n\n\n<p>Bu \u00e7erezler, Web Sitelerimizin nas\u0131l kullan\u0131ld\u0131\u011f\u0131n\u0131 veya pazarlama kampanyalar\u0131m\u0131z\u0131n ne kadar etkili oldu\u011funu anlamam\u0131za veya Web Sitelerimizi sizin i\u00e7in \u00f6zelle\u015ftirmemize yard\u0131mc\u0131 olmak amac\u0131yla toplu olarak kullan\u0131lan bilgileri toplar.<\/p>\n\n\n\n<figure class=\"wp-block-table\"><table><tbody><tr><td>\u0130sim:<\/td><td>[\u00c7erez Ad\u0131]<\/td><\/tr><tr><td>Ama\u00e7:<\/td><td>[Ama\u00e7]<\/td><\/tr><tr><td>Sa\u011flay\u0131c\u0131:<\/td><td>[\u0130htisas]<\/td><\/tr><tr><td>Hizmet:<\/td><td>[Hizmet] [Hizmetin Gizlilik Politikas\u0131 URL&#039;si]<\/td><\/tr><tr><td>\u00dclke:<\/td><td>[\u00dclke]<\/td><\/tr><tr><td>Tip:<\/td><td>[\u0130zleyici T\u00fcr\u00fc]<\/td><\/tr><tr><td>\u0130\u00e7inde sona eriyor:<\/td><td>[Son kullanma tarihi]<\/td><\/tr><\/tbody><\/table><\/figure>\n\n\n\n<p><strong>Reklam \u00e7erezleri:<\/strong><\/p>\n\n\n\n<p>Bu \u00e7erezler reklam mesajlar\u0131n\u0131n sizinle daha alakal\u0131 olmas\u0131n\u0131 sa\u011flamak i\u00e7in kullan\u0131l\u0131r. Ayn\u0131 reklam\u0131n s\u00fcrekli olarak tekrar g\u00f6r\u00fcnmesini engellemek, reklamlar\u0131n reklamverenlere do\u011fru \u015fekilde g\u00f6sterilmesini sa\u011flamak ve baz\u0131 durumlarda ilgi alanlar\u0131n\u0131za uygun reklamlar\u0131 se\u00e7mek gibi i\u015flevleri yerine getirirler.<\/p>\n\n\n\n<figure class=\"wp-block-table\"><table><tbody><tr><td>\u0130sim:<\/td><td>[\u00c7erez Ad\u0131]<\/td><\/tr><tr><td>Ama\u00e7:<\/td><td>[Ama\u00e7]<\/td><\/tr><tr><td>Sa\u011flay\u0131c\u0131:<\/td><td>[\u0130htisas]<\/td><\/tr><tr><td>Hizmet:<\/td><td>[Hizmet] [Hizmetin Gizlilik Politikas\u0131 URL&#039;si]<\/td><\/tr><tr><td>\u00dclke:<\/td><td>[\u00dclke]<\/td><\/tr><tr><td>Tip:<\/td><td>[\u0130zleyici T\u00fcr\u00fc]<\/td><\/tr><tr><td>\u0130\u00e7inde sona eriyor:<\/td><td>[Son kullanma tarihi]<\/td><\/tr><\/tbody><\/table><\/figure>\n\n\n\n<p><strong>Sosyal a\u011f \u00e7erezleri:<\/strong><\/p>\n\n\n\n<p>Bu \u00e7erezler, Web Sitelerimizde ilgin\u00e7 buldu\u011funuz sayfalar\u0131 ve i\u00e7erikleri \u00fc\u00e7\u00fcnc\u00fc taraf sosyal a\u011flar ve di\u011fer web siteleri arac\u0131l\u0131\u011f\u0131yla payla\u015fman\u0131za olanak sa\u011flamak i\u00e7in kullan\u0131l\u0131r. Bu \u00e7erezler ayn\u0131 zamanda reklam ama\u00e7l\u0131 da kullan\u0131labilir.<\/p>\n\n\n\n<figure class=\"wp-block-table\"><table><tbody><tr><td>\u0130sim:<\/td><td>[\u00c7erez Ad\u0131]<\/td><\/tr><tr><td>Ama\u00e7:<\/td><td>[Ama\u00e7]<\/td><\/tr><tr><td>Sa\u011flay\u0131c\u0131:<\/td><td>[\u0130htisas]<\/td><\/tr><tr><td>Hizmet:<\/td><td>[Hizmet] [Hizmetin Gizlilik Politikas\u0131 URL&#039;si]<\/td><\/tr><tr><td>\u00dclke:<\/td><td>[\u00dclke]<\/td><\/tr><tr><td>Tip:<\/td><td>[\u0130zleyici T\u00fcr\u00fc]<\/td><\/tr><tr><td>\u0130\u00e7inde sona eriyor:<\/td><td>[Son kullanma tarihi]<\/td><\/tr><\/tbody><\/table><\/figure>\n\n\n\n<p><strong>S\u0131n\u0131fland\u0131r\u0131lmam\u0131\u015f \u00e7erezler:<\/strong><\/p>\n\n\n\n<p>Bunlar hen\u00fcz kategorize edilmemi\u015f \u00e7erezlerdir. Bu \u00e7erezleri sa\u011flay\u0131c\u0131lar\u0131n\u0131n yard\u0131m\u0131yla s\u0131n\u0131fland\u0131rma s\u00fcrecindeyiz.<\/p>\n\n\n\n<figure class=\"wp-block-table\"><table><tbody><tr><td>\u0130sim:<\/td><td>[\u00c7erez Ad\u0131]<\/td><\/tr><tr><td>Ama\u00e7:<\/td><td>[Ama\u00e7]<\/td><\/tr><tr><td>Sa\u011flay\u0131c\u0131:<\/td><td>[\u0130htisas]<\/td><\/tr><tr><td>Hizmet:<\/td><td>[Hizmet] [Hizmetin Gizlilik Politikas\u0131 URL&#039;si]<\/td><\/tr><tr><td>\u00dclke:<\/td><td>[\u00dclke]<\/td><\/tr><tr><td>Tip:<\/td><td>[\u0130zleyici T\u00fcr\u00fc]<\/td><\/tr><tr><td>\u0130\u00e7inde sona eriyor:<\/td><td>[Son kullanma tarihi]<\/td><\/tr><\/tbody><\/table><\/figure>\n\n\n\n<p><strong>Taray\u0131c\u0131mdaki \u00e7erezleri nas\u0131l kontrol edebilirim?<\/strong><\/p>\n\n\n\n<p>Web taray\u0131c\u0131n\u0131z\u0131n kontrolleri arac\u0131l\u0131\u011f\u0131yla \u00e7erezleri reddedebilmenizin yollar\u0131 taray\u0131c\u0131dan taray\u0131c\u0131ya farkl\u0131l\u0131k g\u00f6sterdi\u011finden, daha fazla bilgi i\u00e7in taray\u0131c\u0131n\u0131z\u0131n yard\u0131m men\u00fcs\u00fcn\u00fc ziyaret etmelisiniz. A\u015fa\u011f\u0131da en pop\u00fcler taray\u0131c\u0131larda \u00e7erezlerin nas\u0131l y\u00f6netilece\u011fine ili\u015fkin bilgiler yer almaktad\u0131r:<\/p>\n\n\n\n<ul>\n<li><a href=\"https:\/\/support.google.com\/chrome\/answer\/95647#zippy=%2Callow-or-block-cookies\" target=\"_blank\" rel=\"noreferrer noopener\">Krom<\/a><\/li>\n\n\n\n<li><a href=\"https:\/\/support.microsoft.com\/en-us\/windows\/delete-and-manage-cookies-168dab11-0753-043d-7c16-ede5947fc64d\" target=\"_blank\" rel=\"noreferrer noopener\">\u0130nternet Explorer<\/a><\/li>\n\n\n\n<li><a href=\"https:\/\/support.mozilla.org\/en-US\/kb\/enhanced-tracking-protection-firefox-desktop?redirectslug=enable-and-disable-cookies-website-preferences&amp;redirectlocale=en-US\" target=\"_blank\" rel=\"noreferrer noopener\">Firefox<\/a><\/li>\n\n\n\n<li><a href=\"https:\/\/support.apple.com\/en-ie\/guide\/safari\/sfri11471\/mac\" target=\"_blank\" rel=\"noreferrer noopener\">Safari<\/a><\/li>\n\n\n\n<li><a href=\"https:\/\/support.microsoft.com\/en-us\/windows\/microsoft-edge-browsing-data-and-privacy-bb8174ba-9d73-dcf2-9b4a-c582b4e640dd\" target=\"_blank\" rel=\"noreferrer noopener\">Kenar<\/a><\/li>\n\n\n\n<li><a href=\"https:\/\/help.opera.com\/en\/latest\/web-preferences\/\" target=\"_blank\" rel=\"noreferrer noopener\">Opera<\/a><\/li>\n<\/ul>\n\n\n\n<p>Ayr\u0131ca, \u00e7o\u011fu reklam a\u011f\u0131 size hedefli reklamlardan vazge\u00e7meniz i\u00e7in bir yol sunar. Daha fazla bilgi edinmek istiyorsan\u0131z l\u00fctfen \u015fu adresi ziyaret edin:<\/p>\n\n\n\n<ul>\n<li><a href=\"http:\/\/www.aboutads.info\/choices\/\" target=\"_blank\" rel=\"noreferrer noopener\">Dijital Reklamc\u0131l\u0131k \u0130ttifak\u0131<\/a><\/li>\n\n\n\n<li><a href=\"https:\/\/youradchoices.ca\/\" target=\"_blank\" rel=\"noreferrer noopener\">Kanada Dijital Reklamc\u0131l\u0131k \u0130ttifak\u0131<\/a><\/li>\n\n\n\n<li><a href=\"http:\/\/www.youronlinechoices.com\/\" target=\"_blank\" rel=\"noreferrer noopener\">Avrupa \u0130nteraktif Dijital Reklamc\u0131l\u0131k Birli\u011fi<\/a><\/li>\n<\/ul>\n\n\n\n<p><strong>Web i\u015faret\u00e7ileri gibi di\u011fer izleme teknolojilerine ne dersiniz?<\/strong><\/p>\n\n\n\n<p>Bir web sitesine gelen ziyaret\u00e7ileri tan\u0131man\u0131n veya izlemenin tek yolu \u00e7erezler de\u011fildir. Web i\u015faret\u00e7ileri (bazen &quot;izleme pikselleri&quot; veya &quot;\u015feffaf gifler&quot; olarak da adland\u0131r\u0131l\u0131r) gibi di\u011fer benzer teknolojileri zaman zaman kullanabiliriz. Bunlar, birisinin Web Sitelerimizi ziyaret etti\u011fini veya bunlar\u0131 i\u00e7eren bir e-postay\u0131 a\u00e7t\u0131\u011f\u0131n\u0131 anlamam\u0131z\u0131 sa\u011flayan benzersiz bir tan\u0131mlay\u0131c\u0131 i\u00e7eren k\u00fc\u00e7\u00fck grafik dosyalar\u0131d\u0131r. Bu, \u00f6rne\u011fin kullan\u0131c\u0131lar\u0131n bir web sitesindeki bir sayfadan di\u011ferine olan trafik d\u00fczenlerini izlememize, \u00e7erezleri teslim etmemize veya \u00e7erezlerle ileti\u015fim kurmam\u0131za, web sitesine \u00fc\u00e7\u00fcnc\u00fc taraf bir web sitesinde g\u00f6r\u00fcnt\u00fclenen bir \u00e7evrimi\u00e7i reklamdan gelip gelmedi\u011finizi anlamam\u0131za olanak tan\u0131r. , site performans\u0131n\u0131 art\u0131rmak ve e-postayla pazarlama kampanyalar\u0131n\u0131n ba\u015far\u0131s\u0131n\u0131 \u00f6l\u00e7mek. \u00c7o\u011fu durumda, bu teknolojilerin d\u00fczg\u00fcn \u00e7al\u0131\u015fmas\u0131 \u00e7erezlere ba\u011fl\u0131d\u0131r ve bu nedenle \u00e7erezlerin reddedilmesi bunlar\u0131n i\u015fleyi\u015fini olumsuz etkileyecektir.<\/p>\n\n\n\n<p><strong>Flash \u00e7erezleri veya Yerel Payla\u015f\u0131lan Nesneler kullan\u0131yor musunuz?<\/strong><\/p>\n\n\n\n<p>Web siteleri ayn\u0131 zamanda di\u011fer \u015feylerin yan\u0131 s\u0131ra hizmetlerimizi kullan\u0131m\u0131n\u0131z, doland\u0131r\u0131c\u0131l\u0131\u011f\u0131n \u00f6nlenmesi ve di\u011fer site operasyonlar\u0131 hakk\u0131nda bilgi toplamak ve depolamak i\u00e7in &quot;Flash \u00c7erezleri&quot; (Yerel Payla\u015f\u0131lan Nesneler veya &quot;LSO&#039;lar&quot; olarak da bilinir) kullanabilir.<\/p>\n\n\n\n<p>Flash \u00c7erezlerinin bilgisayar\u0131n\u0131zda saklanmas\u0131n\u0131 istemiyorsan\u0131z, Flash Player&#039;\u0131n\u0131z\u0131n ayarlar\u0131n\u0131, Flash \u00c7erezlerinin depolanmas\u0131n\u0131 engelleyecek \u015fekilde, i\u00e7inde yer alan ara\u00e7lar\u0131 kullanarak ayarlayabilirsiniz.&nbsp;<a href=\"http:\/\/www.macromedia.com\/support\/documentation\/en\/flashplayer\/help\/settings_manager07.html\" target=\"_blank\" rel=\"noreferrer noopener\">Web Sitesi Depolama Ayarlar\u0131 Paneli<\/a>. Flash \u00c7erezlerini \u015furaya giderek de kontrol edebilirsiniz:&nbsp;<a href=\"http:\/\/www.macromedia.com\/support\/documentation\/en\/flashplayer\/help\/settings_manager03.html\" target=\"_blank\" rel=\"noreferrer noopener\">K\u00fcresel Depolama Ayarlar\u0131 Paneli<\/a>&nbsp;ve talimatlar\u0131 takip etmek (\u00f6rne\u011fin, mevcut Flash \u00c7erezlerinin (Macromedia sitesinde &quot;bilgi&quot; olarak an\u0131l\u0131r) nas\u0131l silinece\u011fini, Flash LSO&#039;lar\u0131n size sorulmadan bilgisayar\u0131n\u0131za yerle\u015ftirilmesinin nas\u0131l \u00f6nlenece\u011fini a\u00e7\u0131klayan talimatlar i\u00e7erebilir) ve (Flash Player 8 ve \u00fczeri i\u00e7in) o s\u0131rada bulundu\u011funuz sayfan\u0131n operat\u00f6r\u00fc taraf\u0131ndan g\u00f6nderilmeyen Flash \u00c7erezlerinin nas\u0131l engellenece\u011fi).<\/p>\n\n\n\n<p>Flash Player&#039;\u0131n Flash \u00c7erezlerinin kabul\u00fcn\u00fc k\u0131s\u0131tlayacak veya s\u0131n\u0131rland\u0131racak \u015fekilde ayarlanmas\u0131n\u0131n, muhtemelen hizmetlerimiz veya \u00e7evrimi\u00e7i i\u00e7erikle ba\u011flant\u0131l\u0131 olarak kullan\u0131lan Flash uygulamalar\u0131 da dahil olmak \u00fczere baz\u0131 Flash uygulamalar\u0131n\u0131n i\u015flevselli\u011fini azaltabilece\u011fini veya engelleyebilece\u011fini l\u00fctfen unutmay\u0131n.<\/p>\n\n\n\n<p><strong>Hedefli reklamc\u0131l\u0131k hizmeti veriyor musunuz?<\/strong><\/p>\n\n\n\n<p>\u00dc\u00e7\u00fcnc\u00fc taraflar, Web Sitelerimiz arac\u0131l\u0131\u011f\u0131yla reklam sunmak amac\u0131yla bilgisayar\u0131n\u0131za veya mobil cihaz\u0131n\u0131za \u00e7erezler yerle\u015ftirebilir. Bu \u015firketler, ilginizi \u00e7ekebilecek \u00fcr\u00fcn ve hizmetlerle ilgili reklamlar sunmak amac\u0131yla bu ve di\u011fer web sitelerine yapt\u0131\u011f\u0131n\u0131z ziyaretlerle ilgili bilgileri kullanabilir. Ayr\u0131ca reklamlar\u0131n etkinli\u011fini \u00f6l\u00e7mek i\u00e7in kullan\u0131lan teknolojiyi de kullanabilirler. Potansiyel ilginizi \u00e7ekebilecek \u00fcr\u00fcn ve hizmetlerle ilgili reklamlar sa\u011flamak amac\u0131yla bu siteye ve di\u011fer sitelere yapt\u0131\u011f\u0131n\u0131z ziyaretler hakk\u0131nda bilgi toplamak i\u00e7in \u00e7erezleri veya web i\u015faret\u00e7ilerini kullanarak bunu ba\u015farabilirler. Bu s\u00fcre\u00e7 arac\u0131l\u0131\u011f\u0131yla toplanan bilgiler, siz bunlar\u0131 sa\u011flamay\u0131 tercih etmedi\u011finiz s\u00fcrece, bizim veya onlar\u0131n ad\u0131n\u0131z\u0131, ileti\u015fim bilgilerinizi veya sizi do\u011frudan tan\u0131mlayan di\u011fer ayr\u0131nt\u0131lar\u0131 belirlememize olanak sa\u011flamaz.<\/p>\n\n\n\n<p><strong>Bu \u00c7erez Politikas\u0131n\u0131 ne s\u0131kl\u0131kla g\u00fcncelleyeceksiniz?<\/strong><\/p>\n\n\n\n<p>\u00d6rne\u011fin kulland\u0131\u011f\u0131m\u0131z \u00e7erezlerdeki de\u011fi\u015fiklikleri yans\u0131tmak amac\u0131yla veya di\u011fer operasyonel, yasal veya d\u00fczenleyici nedenlerle bu \u00c7erez Politikas\u0131n\u0131 zaman zaman g\u00fcncelleyebiliriz. Bu nedenle, \u00e7erezleri ve ilgili teknolojileri kullan\u0131m\u0131m\u0131z hakk\u0131nda bilgi sahibi olmak i\u00e7in l\u00fctfen bu \u00c7erez Politikas\u0131n\u0131 d\u00fczenli olarak tekrar ziyaret edin.<\/p>\n\n\n\n<p>Bu \u00c7erez Politikas\u0131n\u0131n \u00fcst k\u0131sm\u0131ndaki tarih, en son ne zaman g\u00fcncellendi\u011fini g\u00f6sterir.<\/p>\n\n\n\n<p><strong>Daha fazla bilgiyi nereden alabilirim?<\/strong><\/p>\n\n\n\n<p>\u00c7erezleri veya di\u011fer teknolojileri kullanmam\u0131z hakk\u0131nda herhangi bir sorunuz varsa, l\u00fctfen bize [E-posta Adresi] adresinden e-posta g\u00f6nderin veya \u015fu adrese posta g\u00f6nderin:<\/p>\n\n\n\n<p>[Firma Ad\u0131]<\/p>\n\n\n\n<p>[A\u00e7\u0131k adres]<\/p>\n\n\n\n<p>[\u015eehir (*): Eyalet (*): Posta kodu]<\/p>\n\n\n\n<p>[\u00dclke]<\/p>\n\n\n\n<p>Telefon: [Telefon Numaras\u0131]<\/p>","protected":false},"excerpt":{"rendered":"<p>This Cookie Policy explains how&nbsp;[Company Name]&nbsp;(\u201cCompany,\u201d \u201cwe,\u201d \u201cus,\u201d or \u201cour\u201d)&nbsp;uses cookies and similar technologies to recognize you when you visit our websites at&nbsp;[Website URL]&nbsp;(\u201cWebsites\u201c). It explains what these technologies are and why we use them, as well as your rights to control our use of them. In some cases we may use cookies to collect&#8230;<\/p>","protected":false},"author":1,"featured_media":0,"parent":0,"menu_order":0,"comment_status":"closed","ping_status":"closed","template":"","meta":{"om_disable_all_campaigns":false,"_monsterinsights_skip_tracking":false,"_monsterinsights_sitenote_active":false,"_monsterinsights_sitenote_note":"","_monsterinsights_sitenote_category":0,"_kad_post_transparent":"","_kad_post_title":"","_kad_post_layout":"","_kad_post_sidebar_id":"","_kad_post_content_style":"","_kad_post_vertical_padding":"","_kad_post_feature":"","_kad_post_feature_position":"","_kad_post_header":false,"_kad_post_footer":false,"footnotes":"","_joinchat":[]},"aioseo_notices":[],"jetpack_sharing_enabled":true,"_links":{"self":[{"href":"https:\/\/mydreamlandhome.com\/tr\/wp-json\/wp\/v2\/pages\/4548"}],"collection":[{"href":"https:\/\/mydreamlandhome.com\/tr\/wp-json\/wp\/v2\/pages"}],"about":[{"href":"https:\/\/mydreamlandhome.com\/tr\/wp-json\/wp\/v2\/types\/page"}],"author":[{"embeddable":true,"href":"https:\/\/mydreamlandhome.com\/tr\/wp-json\/wp\/v2\/users\/1"}],"replies":[{"embeddable":true,"href":"https:\/\/mydreamlandhome.com\/tr\/wp-json\/wp\/v2\/comments?post=4548"}],"version-history":[{"count":1,"href":"https:\/\/mydreamlandhome.com\/tr\/wp-json\/wp\/v2\/pages\/4548\/revisions"}],"predecessor-version":[{"id":4549,"href":"https:\/\/mydreamlandhome.com\/tr\/wp-json\/wp\/v2\/pages\/4548\/revisions\/4549"}],"wp:attachment":[{"href":"https:\/\/mydreamlandhome.com\/tr\/wp-json\/wp\/v2\/media?parent=4548"}],"curies":[{"name":"wp","href":"https:\/\/api.w.org\/{rel}","templated":true}]}}